{"id":5044,"date":"2020-03-29T23:51:22","date_gmt":"2020-03-29T23:51:22","guid":{"rendered":"https:\/\/sublimespain.wpenginepowered.com\/ueber-uns\/"},"modified":"2022-01-25T13:32:46","modified_gmt":"2022-01-25T13:32:46","slug":"ueber-uns","status":"publish","type":"page","link":"https:\/\/www.sublimespain.com\/de\/ueber-uns\/","title":{"rendered":"\u00dcber uns"},"content":{"rendered":"\n<style type=\"text\/css\" data-created_by=\"avia_inline_auto\" id=\"style-css-av-69yfg-bb5b76eb7d7e827a3c28c67c043caf20\">\n.flex_column.av-69yfg-bb5b76eb7d7e827a3c28c67c043caf20{\nborder-radius:0px 0px 0px 0px;\npadding:0px 0px 0px 0px;\n}\n<\/style>\n<div  class='flex_column av-69yfg-bb5b76eb7d7e827a3c28c67c043caf20 av_one_full first flex_column_div av-zero-column-padding  '     ><style type=\"text\/css\" data-created_by=\"avia_inline_auto\" id=\"style-css-av-kwao3ob8-3ff67af957b0982fb2680ccdfba2f233\">\n#top .av-special-heading.av-kwao3ob8-3ff67af957b0982fb2680ccdfba2f233{\npadding-bottom:10px;\n}\nbody .av-special-heading.av-kwao3ob8-3ff67af957b0982fb2680ccdfba2f233 .av-special-heading-tag .heading-char{\nfont-size:25px;\n}\n.av-special-heading.av-kwao3ob8-3ff67af957b0982fb2680ccdfba2f233 .av-subheading{\nfont-size:15px;\n}\n<\/style>\n<div  class='av-special-heading av-kwao3ob8-3ff67af957b0982fb2680ccdfba2f233 av-special-heading-h2 blockquote modern-quote modern-centered'><h2 class='av-special-heading-tag '  itemprop=\"headline\"  >Wir sind auf der Suche nach dauerhaften Beziehungen zu unseren Kunden, indem wir ein un\u00fcbertroffenes Ma\u00df an Service und Fachwissen bieten. <\/h2><div class=\"special-heading-border\"><div class=\"special-heading-inner-border\"><\/div><\/div><\/div><\/div>\n\n<style type=\"text\/css\" data-created_by=\"avia_inline_auto\" id=\"style-css-av-kwap76cg-9c2cb09e7830e469a6cfc8a67c903ac4\">\n#top .hr.hr-invisible.av-kwap76cg-9c2cb09e7830e469a6cfc8a67c903ac4{\nheight:50px;\n}\n<\/style>\n<div  class='hr av-kwap76cg-9c2cb09e7830e469a6cfc8a67c903ac4 hr-invisible'><span class='hr-inner '><span class=\"hr-inner-style\"><\/span><\/span><\/div>\n\n<style type=\"text\/css\" data-created_by=\"avia_inline_auto\" id=\"style-css-av-24udg-c6d4c7f04dd2f4e25fe72c9c41d70348\">\n.flex_column.av-24udg-c6d4c7f04dd2f4e25fe72c9c41d70348{\nborder-radius:0px 0px 0px 0px;\npadding:0px 0px 0px 0px;\n}\n<\/style>\n<div  class='flex_column av-24udg-c6d4c7f04dd2f4e25fe72c9c41d70348 av_one_third first flex_column_div av-zero-column-padding  '     ><style type=\"text\/css\" data-created_by=\"avia_inline_auto\" id=\"style-css-av-kwani3uh-9533b9a12591ada327c1cbf7fde531d0\">\n#top .avia-animated-number.av-kwani3uh-9533b9a12591ada327c1cbf7fde531d0.av-display-circle{\nmargin:25% 0 25% 0;\n}\n.avia-animated-number.av-kwani3uh-9533b9a12591ada327c1cbf7fde531d0 .avia-animated-number-circle{\nwidth:50%;\n}\n.avia-animated-number.av-kwani3uh-9533b9a12591ada327c1cbf7fde531d0 .avia-animated-number-circle-inner{\nborder-style:none;\nborder-width:5px;\nbox-shadow:none;\n}\n<\/style>\n<div  class=\"avia-animated-number av-kwani3uh-9533b9a12591ada327c1cbf7fde531d0 av-force-default-color avia_animate_when_visible \" data-timer=\"10000\"><strong class=\"heading avia-animated-number-title\"><span class=\"avia-single-number __av-single-number\" data-number_format=\"\" data-number=\"12\" data-start_from=\"0\">12<\/span><\/strong><div class=\"avia-animated-number-content\"><p>Menschen in der Arbeitswelt<\/p>\n<\/div><\/div><\/div>\n\n<style type=\"text\/css\" data-created_by=\"avia_inline_auto\" id=\"style-css-av-1astc-79805ccc3265d155693deac2cb4dd6b2\">\n.flex_column.av-1astc-79805ccc3265d155693deac2cb4dd6b2{\nborder-radius:0px 0px 0px 0px;\npadding:0px 0px 0px 0px;\n}\n<\/style>\n<div  class='flex_column av-1astc-79805ccc3265d155693deac2cb4dd6b2 av_one_third flex_column_div av-zero-column-padding  '     ><style type=\"text\/css\" data-created_by=\"avia_inline_auto\" id=\"style-css-av-kwani3uh-7730628bafe21aa085188d2af0b5bb4e\">\n#top .avia-animated-number.av-kwani3uh-7730628bafe21aa085188d2af0b5bb4e.av-display-circle{\nmargin:25% 0 25% 0;\n}\n.avia-animated-number.av-kwani3uh-7730628bafe21aa085188d2af0b5bb4e .avia-animated-number-circle{\nwidth:50%;\n}\n.avia-animated-number.av-kwani3uh-7730628bafe21aa085188d2af0b5bb4e .avia-animated-number-circle-inner{\nborder-style:none;\nborder-width:5px;\nbox-shadow:none;\n}\n<\/style>\n<div  class=\"avia-animated-number av-kwani3uh-7730628bafe21aa085188d2af0b5bb4e av-force-default-color avia_animate_when_visible \" data-timer=\"10000\"><strong class=\"heading avia-animated-number-title\"><span class=\"avia-single-number __av-single-number\" data-number_format=\"\" data-number=\"5\" data-start_from=\"0\">5<\/span><\/strong><div class=\"avia-animated-number-content\"><p>Fachgebiete<\/p>\n<\/div><\/div><\/div>\n\n<style type=\"text\/css\" data-created_by=\"avia_inline_auto\" id=\"style-css-av-nqew-9f8054521c1a07dedfc37546f46442b2\">\n.flex_column.av-nqew-9f8054521c1a07dedfc37546f46442b2{\nborder-radius:0px 0px 0px 0px;\npadding:0px 0px 0px 0px;\n}\n<\/style>\n<div  class='flex_column av-nqew-9f8054521c1a07dedfc37546f46442b2 av_one_third flex_column_div av-zero-column-padding  '     ><div  class=\"avia-animated-number av-kwani3uh-26cff1d3e66718e4470776f7a8ef816a av-force-default-color avia_animate_when_visible \" data-timer=\"10000\"><strong class=\"heading avia-animated-number-title\"><span class=\"avia-single-number __av-single-number\" data-number_format=\"\" data-number=\"26\" data-start_from=\"0\">26<\/span><\/strong><div class=\"avia-animated-number-content\"><p>Jahre der Erfahrung<\/p>\n<\/div><\/div><\/div>\n<style type=\"text\/css\" data-created_by=\"avia_inline_auto\" id=\"style-css-av-kwap76cg-9c2cb09e7830e469a6cfc8a67c903ac4\">\n#top .hr.hr-invisible.av-kwap76cg-9c2cb09e7830e469a6cfc8a67c903ac4{\nheight:50px;\n}\n<\/style>\n<div  class='hr av-kwap76cg-9c2cb09e7830e469a6cfc8a67c903ac4 hr-invisible'><span class='hr-inner '><span class=\"hr-inner-style\"><\/span><\/span><\/div><\/p>\n\n<style type=\"text\/css\" data-created_by=\"avia_inline_auto\" id=\"style-css-av-kwap76cg-f2ebab396a32081d2c683a585c2fc190\">\n#top .hr.hr-invisible.av-kwap76cg-f2ebab396a32081d2c683a585c2fc190{\nheight:50px;\n}\n<\/style>\n<div  class='hr av-kwap76cg-f2ebab396a32081d2c683a585c2fc190 hr-invisible av-small-hide av-mini-hide'><span class='hr-inner '><span class=\"hr-inner-style\"><\/span><\/span><\/div>\n\n<style type=\"text\/css\" data-created_by=\"avia_inline_auto\" id=\"style-css-av-t3p8-664730843975911a356f7b54c9cc680f\">\n.flex_column.av-t3p8-664730843975911a356f7b54c9cc680f{\nborder-radius:0px 0px 0px 0px;\npadding:0px 0px 0px 0px;\n}\n<\/style>\n<div  class='flex_column av-t3p8-664730843975911a356f7b54c9cc680f av_one_full first flex_column_div av-zero-column-padding  '     ><p>\n<style type=\"text\/css\" data-created_by=\"avia_inline_auto\" id=\"style-css-av-10464-7bc3b5c597634996bf756043cf25019a\">\n#top .av-special-heading.av-10464-7bc3b5c597634996bf756043cf25019a{\npadding-bottom:10px;\n}\nbody .av-special-heading.av-10464-7bc3b5c597634996bf756043cf25019a .av-special-heading-tag .heading-char{\nfont-size:25px;\n}\n.av-special-heading.av-10464-7bc3b5c597634996bf756043cf25019a .av-subheading{\nfont-size:15px;\n}\n<\/style>\n<div  class='av-special-heading av-10464-7bc3b5c597634996bf756043cf25019a av-special-heading-h2 blockquote modern-quote modern-centered'><h2 class='av-special-heading-tag '  itemprop=\"headline\"  >SublimeSpain steht f\u00fcr: <\/h2><div class=\"special-heading-border\"><div class=\"special-heading-inner-border\"><\/div><\/div><\/div><br \/>\n\n<style type=\"text\/css\" data-created_by=\"avia_inline_auto\" id=\"style-css-av-kwanvcm9-fe8ba53e4ea31b66f10a5625a2888c96\">\n#top .av-rotator-container.av-kwanvcm9-fe8ba53e4ea31b66f10a5625a2888c96{\ntext-align:center;\ncolor:#0a0a0a;\nmargin:15px 15px 15px 15px;\n}\n#top #wrap_all .av-rotator-container.av-kwanvcm9-fe8ba53e4ea31b66f10a5625a2888c96 .av-rotator-container-inner{\nfont-size:25px;\n}\n\n@media only screen and (min-width: 768px) and (max-width: 989px){ \n#top #wrap_all .av-rotator-container.av-kwanvcm9-fe8ba53e4ea31b66f10a5625a2888c96 .av-rotator-container-inner{\nfont-size:20px;\n}\n}\n\n@media only screen and (min-width: 480px) and (max-width: 767px){ \n#top #wrap_all .av-rotator-container.av-kwanvcm9-fe8ba53e4ea31b66f10a5625a2888c96 .av-rotator-container-inner{\nfont-size:20px;\n}\n}\n\n@media only screen and (max-width: 479px){ \n#top #wrap_all .av-rotator-container.av-kwanvcm9-fe8ba53e4ea31b66f10a5625a2888c96 .av-rotator-container-inner{\nfont-size:20px;\n}\n}\n<\/style>\n<div  class='av-rotator-container av-rotation-container-center av-kwanvcm9-fe8ba53e4ea31b66f10a5625a2888c96 av-fixed-rotator-width' data-interval='3' data-animation='1' data-fixWidth='1'><p class='av-rotator-container-inner'><span class='av-rotator-text av-rotator-multiline-off'>\n<span class='av-rotator-text-single av-4cpww-bab7272309e2fa8376265fd4248d64b2 av-rotator-text-single-1' >Respekt<\/span>\n<span class='av-rotator-text-single av-3r4ag-ca46bca05c41c0e08616c463208ad35c av-rotator-text-single-2' >Integrit\u00e4t<\/span>\n<span class='av-rotator-text-single av-389z0-410264438e1855acaf74216a337b01d2 av-rotator-text-single-3' >Verantwortung<\/span>\n<span class='av-rotator-text-single av-2gkzc-4ab071b5d5aa6d99c255e773a6d2eb8d av-rotator-text-single-4' >Exzellenz<\/span>\n<span class='av-rotator-text-single av-2bs54-1bcd9e88c6ada770126f1f07d77250e6 av-rotator-text-single-5' >Sorgf\u00e4ltigkeit<\/span>\n<span class='av-rotator-text-single av-19qxg-f5a73746b7697eacc3826abc699b2691 av-rotator-text-single-6' >Diversit\u00e4t<\/span>\n<span class='av-rotator-text-single av-14jl0-731daf0dd3e041282de191ec49412fcc av-rotator-text-single-7' >Flexibilit\u00e4t<\/span>\n<\/span><\/p><\/div><\/p><\/div>\n\n<style type=\"text\/css\" data-created_by=\"avia_inline_auto\" id=\"style-css-av-kwap76cg-dcc27a545a2f945559148c9c77eef1a1\">\n#top .hr.hr-invisible.av-kwap76cg-dcc27a545a2f945559148c9c77eef1a1{\nheight:100px;\n}\n<\/style>\n<div  class='hr av-kwap76cg-dcc27a545a2f945559148c9c77eef1a1 hr-invisible'><span class='hr-inner '><span class=\"hr-inner-style\"><\/span><\/span><\/div>\n\n<style type=\"text\/css\" data-created_by=\"avia_inline_auto\" id=\"style-css-av-1hvtw-ee5908580438006e0eab60bb3ff415a6\">\n.flex_column.av-1hvtw-ee5908580438006e0eab60bb3ff415a6{\nborder-radius:0px 0px 0px 0px;\npadding:0px 0px 0px 0px;\n}\n<\/style>\n<div  class='flex_column av-1hvtw-ee5908580438006e0eab60bb3ff415a6 av_one_half  avia-builder-el-0  el_before_av_one_half  avia-builder-el-first  first flex_column_div av-zero-column-padding  '     ><section  class='av_textblock_section av-kevci1um-0f1cb5e618eb9b74fca740c37855b86e '   itemscope=\"itemscope\" itemtype=\"https:\/\/schema.org\/CreativeWork\" ><div class='avia_textblock'  itemprop=\"text\" ><h2>Wir \u00fcber uns<\/h2>\n<p>SublimeSpain verf\u00fcgt \u00fcber ein umfangreiches Fachwissen in den Bereichen Rechtsstaatlichkeit und Buchhaltung in Spanien. Wir bieten fachkundige Dienstleistungen in allen Aspekten des spanischen Rechts f\u00fcr Privatpersonen und Unternehmen. Wir begleiten Sie durch den Prozess der Gr\u00fcndung Ihres Unternehmens in Spanien und beantworten Ihre Fragen umgehend.<\/p>\n<p>Wir sind bestrebt, professionelle Beziehungen zu unseren Kunden aufzubauen, und wir wissen, wie wichtig ein qualitativ hochwertiger Service f\u00fcr die Zufriedenheit unserer Kunden ist. Daher bieten wir mit dem Engagement unserer erfahrenen Mitarbeiter einen effizienten und hochwertigen Service.<\/p>\n<p>Unser Team in Spanien ist fachlich in den Bereichen Finanzen und Recht qualifiziert und beherrscht eine Vielzahl von Sprachen, so dass wir bei Bedarf auch mit Fachleuten, die au\u00dferhalb der spanischen Gerichtsbarkeit t\u00e4tig sind, in dieser Sprache korrespondieren k\u00f6nnen.<\/p>\n<p>Unser Ziel ist es, Ihren Aufenthalt in Spanien erfolgreich und sorgenfrei zu gestalten. Wir bieten Ihnen eine professionelle Beratung, die auf unseren Kenntnissen des spanischen Rechtsrahmens und dessen Anwendung beruht.<\/p>\n<\/div><\/section><\/div>\n\n<style type=\"text\/css\" data-created_by=\"avia_inline_auto\" id=\"style-css-av-z2to-6082d0b00f746bc7dd124820cc14122e\">\n.flex_column.av-z2to-6082d0b00f746bc7dd124820cc14122e{\nborder-radius:0px 0px 0px 0px;\npadding:0px 0px 0px 0px;\n}\n<\/style>\n<div  class='flex_column av-z2to-6082d0b00f746bc7dd124820cc14122e av_one_half  avia-builder-el-2  el_after_av_one_half  avia-builder-el-last  flex_column_div av-zero-column-padding  '     ><style type=\"text\/css\" data-created_by=\"avia_inline_auto\" id=\"style-css-av-kevciyff-fc054cc1ff593a761425585852ff1213\">\n.avia-image-container.av-kevciyff-fc054cc1ff593a761425585852ff1213 img.avia_image{\nbox-shadow:none;\n}\n.avia-image-container.av-kevciyff-fc054cc1ff593a761425585852ff1213 .av-image-caption-overlay-center{\ncolor:#ffffff;\n}\n<\/style>\n<div  class='avia-image-container av-kevciyff-fc054cc1ff593a761425585852ff1213 av-styling- avia-align-center  avia-builder-el-3  avia-builder-el-no-sibling '   itemprop=\"image\" itemscope=\"itemscope\" itemtype=\"https:\/\/schema.org\/ImageObject\" ><div class=\"avia-image-container-inner\"><div class=\"avia-image-overlay-wrap\"><img decoding=\"async\" fetchpriority=\"high\" class='wp-image-5045 avia-img-lazy-loading-not-5045 avia_image ' src=\"https:\/\/www.sublimespain.com\/wp-content\/uploads\/2021\/03\/About-SublimeSpain.jpg\" alt='' title='About SublimeSpain'  height=\"1405\" width=\"1405\"  itemprop=\"thumbnailUrl\" srcset=\"https:\/\/www.sublimespain.com\/wp-content\/uploads\/2021\/03\/About-SublimeSpain.jpg 1405w, https:\/\/www.sublimespain.com\/wp-content\/uploads\/2021\/03\/About-SublimeSpain-300x300.jpg 300w, https:\/\/www.sublimespain.com\/wp-content\/uploads\/2021\/03\/About-SublimeSpain-1030x1030.jpg 1030w, https:\/\/www.sublimespain.com\/wp-content\/uploads\/2021\/03\/About-SublimeSpain-80x80.jpg 80w, https:\/\/www.sublimespain.com\/wp-content\/uploads\/2021\/03\/About-SublimeSpain-768x768.jpg 768w, https:\/\/www.sublimespain.com\/wp-content\/uploads\/2021\/03\/About-SublimeSpain-36x36.jpg 36w, https:\/\/www.sublimespain.com\/wp-content\/uploads\/2021\/03\/About-SublimeSpain-180x180.jpg 180w, https:\/\/www.sublimespain.com\/wp-content\/uploads\/2021\/03\/About-SublimeSpain-705x705.jpg 705w\" sizes=\"(max-width: 1405px) 100vw, 1405px\" \/><\/div><\/div><\/div><\/div>\n\n<style type=\"text\/css\" data-created_by=\"avia_inline_auto\" id=\"style-css-av-z2to-cc4d9bfe5234492f33803df3a90cbeab\">\n.flex_column.av-z2to-cc4d9bfe5234492f33803df3a90cbeab{\nborder-radius:0px 0px 0px 0px;\npadding:0px 0px 0px 0px;\n}\n<\/style>\n<div  class='flex_column av-z2to-cc4d9bfe5234492f33803df3a90cbeab av_one_half first flex_column_div av-zero-column-padding  '     ><style type=\"text\/css\" data-created_by=\"avia_inline_auto\" id=\"style-css-av-kevciyff-d5ff2ea128bc0c51957f4dd111a1e68e\">\n.avia-image-container.av-kevciyff-d5ff2ea128bc0c51957f4dd111a1e68e img.avia_image{\nbox-shadow:none;\n}\n.avia-image-container.av-kevciyff-d5ff2ea128bc0c51957f4dd111a1e68e .av-image-caption-overlay-center{\ncolor:#ffffff;\n}\n<\/style>\n<div  class='avia-image-container av-kevciyff-d5ff2ea128bc0c51957f4dd111a1e68e av-styling- avia-align-center'   itemprop=\"image\" itemscope=\"itemscope\" itemtype=\"https:\/\/schema.org\/ImageObject\" ><div class=\"avia-image-container-inner\"><div class=\"avia-image-overlay-wrap\"><img decoding=\"async\" fetchpriority=\"high\" class='wp-image-6068 avia-img-lazy-loading-not-6068 avia_image ' src=\"https:\/\/www.sublimespain.com\/wp-content\/uploads\/2021\/11\/Company-culture.jpg\" alt='' title='Company-culture'  height=\"1200\" width=\"1200\"  itemprop=\"thumbnailUrl\" srcset=\"https:\/\/www.sublimespain.com\/wp-content\/uploads\/2021\/11\/Company-culture.jpg 1200w, https:\/\/www.sublimespain.com\/wp-content\/uploads\/2021\/11\/Company-culture-300x300.jpg 300w, https:\/\/www.sublimespain.com\/wp-content\/uploads\/2021\/11\/Company-culture-1030x1030.jpg 1030w, https:\/\/www.sublimespain.com\/wp-content\/uploads\/2021\/11\/Company-culture-80x80.jpg 80w, https:\/\/www.sublimespain.com\/wp-content\/uploads\/2021\/11\/Company-culture-768x768.jpg 768w, https:\/\/www.sublimespain.com\/wp-content\/uploads\/2021\/11\/Company-culture-36x36.jpg 36w, https:\/\/www.sublimespain.com\/wp-content\/uploads\/2021\/11\/Company-culture-180x180.jpg 180w, https:\/\/www.sublimespain.com\/wp-content\/uploads\/2021\/11\/Company-culture-705x705.jpg 705w\" sizes=\"(max-width: 1200px) 100vw, 1200px\" \/><\/div><\/div><\/div><\/div>\n\n<style type=\"text\/css\" data-created_by=\"avia_inline_auto\" id=\"style-css-av-1hvtw-5f52c6230b5ab6d6d7dbaf027df4871f\">\n.flex_column.av-1hvtw-5f52c6230b5ab6d6d7dbaf027df4871f{\nborder-radius:0px 0px 0px 0px;\npadding:0px 0px 0px 0px;\n}\n<\/style>\n<div  class='flex_column av-1hvtw-5f52c6230b5ab6d6d7dbaf027df4871f av_one_half flex_column_div av-zero-column-padding  '     ><section  class='av_textblock_section av-kevci1um-0f1cb5e618eb9b74fca740c37855b86e '   itemscope=\"itemscope\" itemtype=\"https:\/\/schema.org\/CreativeWork\" ><div class='avia_textblock'  itemprop=\"text\" ><h2>Unternehmenskultur<\/h2>\n<p>SublimeSpain ist bestrebt, seinen Mitarbeitern ein warmes, einladendes und professionelles Umfeld zu bieten. Wir glauben, dass es wichtig ist, eine Reihe von Aktivit\u00e4ten und Veranstaltungen anzubieten, die einen gesunden Lebensstil und die Entwicklung von F\u00e4higkeiten f\u00f6rdern, um unsere Lebensqualit\u00e4t zu verbessern und der Gemeinschaft etwas zur\u00fcckzugeben.<\/p>\n<p>Unser Unternehmen steht f\u00fcr Vielfalt am Arbeitsplatz und ist bestrebt, die Chancengleichheit zu f\u00f6rdern. Wir sind stolz auf unser internationales Team, das aus vielen verschiedenen L\u00e4ndern stammt und den gleichen Enthusiasmus, das gleiche Engagement und die gleiche Freude an der Arbeit miteinander teilt.<\/p>\n<p>Ein gutes Arbeitsumfeld f\u00fchrt zu einer hohen Servicequalit\u00e4t und f\u00f6rdert Kreativit\u00e4t, Initiative und Einfallsreichtum. Unser Team arbeitet flexibel und produktiv mit einem Sinn f\u00fcr Dringlichkeit und kontinuierliche Verbesserung mit der erforderlichen Disziplin.<\/p>\n<p>Wir sind bestrebt, professionelle Beziehungen zu unseren Kunden aufzubauen, und wir wissen, wie wichtig ein qualitativ hochwertiger Service f\u00fcr die Zufriedenheit unserer Kunden ist. Daher bieten wir mit dem Engagement unserer erfahrenen Mitarbeiter einen effizienten und hochwertigen Service.<\/p>\n<\/div><\/section><\/div>\n","protected":false},"excerpt":{"rendered":"","protected":false},"author":1,"featured_media":0,"parent":0,"menu_order":0,"comment_status":"closed","ping_status":"closed","template":"","meta":{"_acf_changed":false,"footnotes":""},"class_list":["post-5044","page","type-page","status-publish","hentry"],"acf":[],"yoast_head":"<!-- This site is optimized with the Yoast SEO plugin v27.3 - https:\/\/yoast.com\/product\/yoast-seo-wordpress\/ -->\n<title>\u00dcber uns &#8211; SublimeSpain<\/title>\n<meta name=\"description\" content=\"SpainDesk kann Ihnen in allen Bereichen des Rechts, der Wirtschaft und der Finanzen in Spanien helfen. Lesen Sie mehr \u00fcber uns und kontaktieren Sie uns noch heute.\" \/>\n<meta name=\"robots\" content=\"index, follow, max-snippet:-1, max-image-preview:large, max-video-preview:-1\" \/>\n<link rel=\"canonical\" href=\"https:\/\/www.sublimespain.com\/de\/ueber-uns\/\" \/>\n<meta property=\"og:locale\" content=\"de_DE\" \/>\n<meta property=\"og:type\" content=\"article\" \/>\n<meta property=\"og:title\" content=\"\u00dcber uns &#8211; SublimeSpain\" \/>\n<meta property=\"og:description\" content=\"SpainDesk kann Ihnen in allen Bereichen des Rechts, der Wirtschaft und der Finanzen in Spanien helfen. Lesen Sie mehr \u00fcber uns und kontaktieren Sie uns noch heute.\" \/>\n<meta property=\"og:url\" content=\"https:\/\/www.sublimespain.com\/de\/ueber-uns\/\" \/>\n<meta property=\"og:site_name\" content=\"SublimeSpain\" \/>\n<meta property=\"article:modified_time\" content=\"2022-01-25T13:32:46+00:00\" \/>\n<meta name=\"twitter:card\" content=\"summary_large_image\" \/>\n<meta name=\"twitter:label1\" content=\"Gesch\u00e4tzte Lesezeit\" \/>\n\t<meta name=\"twitter:data1\" content=\"12 Minuten\" \/>\n<script type=\"application\/ld+json\" class=\"yoast-schema-graph\">{\"@context\":\"https:\\\/\\\/schema.org\",\"@graph\":[{\"@type\":\"WebPage\",\"@id\":\"https:\\\/\\\/www.sublimespain.com\\\/de\\\/ueber-uns\\\/\",\"url\":\"https:\\\/\\\/www.sublimespain.com\\\/de\\\/ueber-uns\\\/\",\"name\":\"\u00dcber uns &#8211; SublimeSpain\",\"isPartOf\":{\"@id\":\"https:\\\/\\\/www.sublimespain.com\\\/de\\\/#website\"},\"datePublished\":\"2020-03-29T23:51:22+00:00\",\"dateModified\":\"2022-01-25T13:32:46+00:00\",\"description\":\"SpainDesk kann Ihnen in allen Bereichen des Rechts, der Wirtschaft und der Finanzen in Spanien helfen. Lesen Sie mehr \u00fcber uns und kontaktieren Sie uns noch heute.\",\"breadcrumb\":{\"@id\":\"https:\\\/\\\/www.sublimespain.com\\\/de\\\/ueber-uns\\\/#breadcrumb\"},\"inLanguage\":\"de-DE\",\"potentialAction\":[{\"@type\":\"ReadAction\",\"target\":[\"https:\\\/\\\/www.sublimespain.com\\\/de\\\/ueber-uns\\\/\"]}]},{\"@type\":\"BreadcrumbList\",\"@id\":\"https:\\\/\\\/www.sublimespain.com\\\/de\\\/ueber-uns\\\/#breadcrumb\",\"itemListElement\":[{\"@type\":\"ListItem\",\"position\":1,\"name\":\"Home\",\"item\":\"https:\\\/\\\/www.sublimespain.com\\\/de\\\/buchhalter-anwaelte-und-fachleute-in-spanien\\\/\"},{\"@type\":\"ListItem\",\"position\":2,\"name\":\"\u00dcber uns\"}]},{\"@type\":\"WebSite\",\"@id\":\"https:\\\/\\\/www.sublimespain.com\\\/de\\\/#website\",\"url\":\"https:\\\/\\\/www.sublimespain.com\\\/de\\\/\",\"name\":\"SublimeSpain\",\"description\":\"Discover new possibilities\",\"publisher\":{\"@id\":\"https:\\\/\\\/www.sublimespain.com\\\/de\\\/#organization\"},\"potentialAction\":[{\"@type\":\"SearchAction\",\"target\":{\"@type\":\"EntryPoint\",\"urlTemplate\":\"https:\\\/\\\/www.sublimespain.com\\\/de\\\/?s={search_term_string}\"},\"query-input\":{\"@type\":\"PropertyValueSpecification\",\"valueRequired\":true,\"valueName\":\"search_term_string\"}}],\"inLanguage\":\"de-DE\"},{\"@type\":\"Organization\",\"@id\":\"https:\\\/\\\/www.sublimespain.com\\\/de\\\/#organization\",\"name\":\"SublimeSpain\",\"url\":\"https:\\\/\\\/www.sublimespain.com\\\/de\\\/\",\"logo\":{\"@type\":\"ImageObject\",\"inLanguage\":\"de-DE\",\"@id\":\"https:\\\/\\\/www.sublimespain.com\\\/de\\\/#\\\/schema\\\/logo\\\/image\\\/\",\"url\":\"https:\\\/\\\/www.sublimespain.com\\\/wp-content\\\/uploads\\\/Sublime-Spain-Isotype-Blue.png\",\"contentUrl\":\"https:\\\/\\\/www.sublimespain.com\\\/wp-content\\\/uploads\\\/Sublime-Spain-Isotype-Blue.png\",\"width\":6250,\"height\":6250,\"caption\":\"SublimeSpain\"},\"image\":{\"@id\":\"https:\\\/\\\/www.sublimespain.com\\\/de\\\/#\\\/schema\\\/logo\\\/image\\\/\"}}]}<\/script>\n<!-- \/ Yoast SEO plugin. -->","yoast_head_json":{"title":"\u00dcber uns &#8211; SublimeSpain","description":"SpainDesk kann Ihnen in allen Bereichen des Rechts, der Wirtschaft und der Finanzen in Spanien helfen. Lesen Sie mehr \u00fcber uns und kontaktieren Sie uns noch heute.","robots":{"index":"index","follow":"follow","max-snippet":"max-snippet:-1","max-image-preview":"max-image-preview:large","max-video-preview":"max-video-preview:-1"},"canonical":"https:\/\/www.sublimespain.com\/de\/ueber-uns\/","og_locale":"de_DE","og_type":"article","og_title":"\u00dcber uns &#8211; SublimeSpain","og_description":"SpainDesk kann Ihnen in allen Bereichen des Rechts, der Wirtschaft und der Finanzen in Spanien helfen. Lesen Sie mehr \u00fcber uns und kontaktieren Sie uns noch heute.","og_url":"https:\/\/www.sublimespain.com\/de\/ueber-uns\/","og_site_name":"SublimeSpain","article_modified_time":"2022-01-25T13:32:46+00:00","twitter_card":"summary_large_image","twitter_misc":{"Gesch\u00e4tzte Lesezeit":"12 Minuten"},"schema":{"@context":"https:\/\/schema.org","@graph":[{"@type":"WebPage","@id":"https:\/\/www.sublimespain.com\/de\/ueber-uns\/","url":"https:\/\/www.sublimespain.com\/de\/ueber-uns\/","name":"\u00dcber uns &#8211; SublimeSpain","isPartOf":{"@id":"https:\/\/www.sublimespain.com\/de\/#website"},"datePublished":"2020-03-29T23:51:22+00:00","dateModified":"2022-01-25T13:32:46+00:00","description":"SpainDesk kann Ihnen in allen Bereichen des Rechts, der Wirtschaft und der Finanzen in Spanien helfen. Lesen Sie mehr \u00fcber uns und kontaktieren Sie uns noch heute.","breadcrumb":{"@id":"https:\/\/www.sublimespain.com\/de\/ueber-uns\/#breadcrumb"},"inLanguage":"de-DE","potentialAction":[{"@type":"ReadAction","target":["https:\/\/www.sublimespain.com\/de\/ueber-uns\/"]}]},{"@type":"BreadcrumbList","@id":"https:\/\/www.sublimespain.com\/de\/ueber-uns\/#breadcrumb","itemListElement":[{"@type":"ListItem","position":1,"name":"Home","item":"https:\/\/www.sublimespain.com\/de\/buchhalter-anwaelte-und-fachleute-in-spanien\/"},{"@type":"ListItem","position":2,"name":"\u00dcber uns"}]},{"@type":"WebSite","@id":"https:\/\/www.sublimespain.com\/de\/#website","url":"https:\/\/www.sublimespain.com\/de\/","name":"SublimeSpain","description":"Discover new possibilities","publisher":{"@id":"https:\/\/www.sublimespain.com\/de\/#organization"},"potentialAction":[{"@type":"SearchAction","target":{"@type":"EntryPoint","urlTemplate":"https:\/\/www.sublimespain.com\/de\/?s={search_term_string}"},"query-input":{"@type":"PropertyValueSpecification","valueRequired":true,"valueName":"search_term_string"}}],"inLanguage":"de-DE"},{"@type":"Organization","@id":"https:\/\/www.sublimespain.com\/de\/#organization","name":"SublimeSpain","url":"https:\/\/www.sublimespain.com\/de\/","logo":{"@type":"ImageObject","inLanguage":"de-DE","@id":"https:\/\/www.sublimespain.com\/de\/#\/schema\/logo\/image\/","url":"https:\/\/www.sublimespain.com\/wp-content\/uploads\/Sublime-Spain-Isotype-Blue.png","contentUrl":"https:\/\/www.sublimespain.com\/wp-content\/uploads\/Sublime-Spain-Isotype-Blue.png","width":6250,"height":6250,"caption":"SublimeSpain"},"image":{"@id":"https:\/\/www.sublimespain.com\/de\/#\/schema\/logo\/image\/"}}]}},"_links":{"self":[{"href":"https:\/\/www.sublimespain.com\/de\/wp-json\/wp\/v2\/pages\/5044","targetHints":{"allow":["GET"]}}],"collection":[{"href":"https:\/\/www.sublimespain.com\/de\/wp-json\/wp\/v2\/pages"}],"about":[{"href":"https:\/\/www.sublimespain.com\/de\/wp-json\/wp\/v2\/types\/page"}],"author":[{"embeddable":true,"href":"https:\/\/www.sublimespain.com\/de\/wp-json\/wp\/v2\/users\/1"}],"replies":[{"embeddable":true,"href":"https:\/\/www.sublimespain.com\/de\/wp-json\/wp\/v2\/comments?post=5044"}],"version-history":[{"count":0,"href":"https:\/\/www.sublimespain.com\/de\/wp-json\/wp\/v2\/pages\/5044\/revisions"}],"wp:attachment":[{"href":"https:\/\/www.sublimespain.com\/de\/wp-json\/wp\/v2\/media?parent=5044"}],"curies":[{"name":"wp","href":"https:\/\/api.w.org\/{rel}","templated":true}]}}