{"id":5059,"date":"2020-11-15T20:08:40","date_gmt":"2020-11-15T20:08:40","guid":{"rendered":"https:\/\/sublimespain.wpenginepowered.com\/private-erklaerung\/"},"modified":"2025-07-25T15:58:50","modified_gmt":"2025-07-25T15:58:50","slug":"datenschutzerklaerung","status":"publish","type":"page","link":"https:\/\/www.sublimespain.com\/de\/datenschutzerklaerung\/","title":{"rendered":"Datenschutzerkl\u00e4rung"},"content":{"rendered":"<h1>Datenschutzerkl\u00e4rung<\/h1>\n<p><b>Letztes Update:<\/b> 25. Juli 2025<\/p>\n<p>Diese Datenschutzerkl\u00e4rung erkl\u00e4rt, wie SublimeStart (\u201ewir\u201d, \u201euns\u201d oder \u201eunser\u201d) deine pers\u00f6nlichen Daten sammelt, nutzt, teilt und sch\u00fctzt, wenn du unsere Website nutzt oder eine Serviceanfrage sendest.<\/p>\n<h2>1. Welche Daten sammeln wir<\/h2>\n<p>Wir k\u00f6nnen die folgenden Kategorien personenbezogener Daten sammeln und verarbeiten:<\/p>\n<ul>\n<li>Vollst\u00e4ndiger Name<\/li>\n<li>E-Mail-Adresse<\/li>\n<li>Telefon<\/li>\n<li>Firmenname und Berufsbezeichnung (falls zutreffend)<\/li>\n<li>Dienstleistungspr\u00e4ferenzen (z. B. Rechts-, Buchhaltungs- oder Unternehmensunterst\u00fctzung)<\/li>\n<li>Budgetrahmen und Sprachpr\u00e4ferenz<\/li>\n<li>IP-Adresse, Browsertyp und Ger\u00e4teinformationen<\/li>\n<li>Alle zus\u00e4tzlichen Informationen, die \u00fcber Lead- oder Kontaktformulare bereitgestellt werden<\/li>\n<\/ul>\n<p>Wir k\u00f6nnen auch \u00f6ffentlich zug\u00e4ngliche Daten aus Quellen wie den folgenden sammeln:<\/p>\n<ul>\n<li>Unternehmenswebsites<\/li>\n<li>LinkedIn oder andere berufliche Plattformen<\/li>\n<\/ul>\n<h2>2. Wie wir deine Daten verwenden<\/h2>\n<p>Wir verwenden deine personenbezogenen Daten f\u00fcr folgende Zwecke:<\/p>\n<ul>\n<li>Um \u00fcber unsere Formulare eingereichte Serviceanfragen zu bearbeiten<\/li>\n<li>Um dir einen geeigneten Fachmann entsprechend deinen Anforderungen zu vermitteln<\/li>\n<li>Um mit dir bez\u00fcglich deiner Anfrage zu kommunizieren<\/li>\n<li>Um die Leistung und Benutzerfreundlichkeit unserer Website zu verbessern<\/li>\n<li>Um Betrug zu verhindern und die Datensicherheit zu gew\u00e4hrleisten<\/li>\n<li>Um dir servicebezogene Updates oder Marketingmitteilungen zu senden, wenn du dem zugestimmt hast<\/li>\n<\/ul>\n<p>Wir verwenden deine Daten nicht f\u00fcr automatisierte Entscheidungen oder Profiling.<\/p>\n<h2>2a. Rechtsgrundlage f\u00fcr die Verarbeitung<\/h2>\n<p>Wir st\u00fctzen uns bei der Verarbeitung personenbezogener Daten gem\u00e4\u00df Artikel 6 der DSGVO auf die folgenden Rechtsgrundlagen:<\/p>\n<ul>\n<li><b>Einwilligung<\/b>: wenn du uns ausdr\u00fccklich gestattet hast, deine personenbezogenen Daten f\u00fcr einen bestimmten Zweck zu verwenden, z. B. die Weitergabe von Daten an externe Fachleute oder den Versand von Marketing-E-Mails<\/li>\n<li><b>Vertragliche Notwendigkeit<\/b>: Wenn die Datenverarbeitung erforderlich ist, um eine von dir angeforderte Dienstleistung zu erbringen<\/li>\n<li><b>Berechtigtes Interesse<\/b>: Wenn die Daten verwendet werden, um unser Gesch\u00e4ft in einer Weise zu betreiben, die deine Datenschutzrechte nicht \u00fcberwiegt, wie z. B. zur Verbesserung von Dienstleistungen oder zur Verhinderung von Betrug<\/li>\n<\/ul>\n<h2>3. Weitergabe von Daten an professionelle Dienstleister<\/h2>\n<p>Wenn du Unterst\u00fctzung anforderst (z. B. Rechts-, Buchhaltungs- oder Unternehmensdienstleistungen), k\u00f6nnen wir deine personenbezogenen Daten an einen vertrauensw\u00fcrdigen externen Dienstleister weitergeben, der dir helfen kann.<\/p>\n<p>Wir geben deine Daten nur unter den folgenden Bedingungen weiter:<\/p>\n<ul>\n<li>Du hast \u00fcber unser Kontaktformular ausdr\u00fccklich zugestimmt<\/li>\n<li>Der Dritte h\u00e4lt sich an die DSGVO und ist vertraglich zur Vertraulichkeit verpflichtet<\/li>\n<li>Es werden nur die Daten weitergegeben, die zur Erf\u00fcllung der spezifischen Dienstleistungsanforderung erforderlich sind<\/li>\n<\/ul>\n<p>Du kannst deine Einwilligung jederzeit widerrufen, indem du dich an <b>privacy@sublimestart.com<\/b> wendest oder unser Formular zur Datenanforderung aufrufst.<\/p>\n<h2>4. Tools und Verarbeiter von Drittanbietern<\/h2>\n<p>Wir nutzen externe Dienstleister, die uns beim Betrieb unserer Website, bei der Verwaltung von Interaktionen und bei der Erf\u00fcllung von Anfragen unterst\u00fctzen. Dazu geh\u00f6ren Anbieter f\u00fcr Hosting, Analysen, Cloud-Dienste, E-Mail-Kommunikation und Kundenbeziehungsmanagement.<\/p>\n<p>Beispiele f\u00fcr Verarbeiter sind:<\/p>\n<ul>\n<li>Google Workspace (E-Mail und Cloud-Speicher)<\/li>\n<li>Microsoft Azure (Infrastruktur und Hosting)<\/li>\n<li>Google Analytics (Statistiken zur Website-Nutzung)<\/li>\n<\/ul>\n<p>Alle Unterauftragsverarbeiter arbeiten im Rahmen unterzeichneter Datenverarbeitungsvertr\u00e4ge und sind zur Einhaltung der DSGVO verpflichtet. Eine vollst\u00e4ndige Liste der Unterauftragsverarbeiter ist auf Anfrage erh\u00e4ltlich.<\/p>\n<h2>5. Internationale Daten\u00fcbermittlungen<\/h2>\n<p>Einige der oben genannten Dienste von Drittanbietern k\u00f6nnen Daten au\u00dferhalb des Europ\u00e4ischen Wirtschaftsraums (EWR), einschlie\u00dflich der Vereinigten Staaten, verarbeiten.<\/p>\n<p>In solchen F\u00e4llen stellen wir sicher, dass deine personenbezogenen Daten durch eine oder mehrere der folgenden Sicherheitsvorkehrungen gesch\u00fctzt sind:<\/p>\n<ul>\n<li>Von der Europ\u00e4ischen Kommission genehmigte Standardvertragsklauseln<\/li>\n<li>Verschl\u00fcsselungs- und Zugriffskontrollprotokolle<\/li>\n<li>\u00dcberpr\u00fcfung der Einhaltung anerkannter Zertifizierungsrahmen<\/li>\n<\/ul>\n<h2>6. Marketingmitteilungen<\/h2>\n<p>Wenn du ausdr\u00fccklich zugestimmt hast, k\u00f6nnen wir dir Service-Updates oder Infos zu relevanten Angeboten schicken.<\/p>\n<p>Du kannst deine Zustimmung jederzeit widerrufen oder dich abmelden, indem du:<\/p>\n<ul>\n<li>auf den Link \u201eAbmelden\u201c in einer Marketing-E-Mail klickst<\/li>\n<li>eine E-Mail an privacy@sublimespain.com sendest<\/li>\n<\/ul>\n<p>Wir senden keine Marketing-E-Mails ohne deine vorherige Zustimmung.<\/p>\n<h2>7. Aufbewahrung und Speicherung von Daten<\/h2>\n<p>Wir speichern deine personenbezogenen Daten nur so lange, wie es f\u00fcr die in dieser Richtlinie beschriebenen Zwecke erforderlich ist oder um gesetzliche Verpflichtungen zu erf\u00fcllen.<\/p>\n<p>Es gelten die folgenden Aufbewahrungsfristen:<\/p>\n<ul>\n<li>\u00dcbermittelte Lead-Formulare: werden ab dem Datum der \u00dcbermittlung 12 Monate lang gespeichert<\/li>\n<li>E-Mail-Marketingdaten: werden bis zu deiner Abmeldung oder maximal 24 Monate lang gespeichert<\/li>\n<li>Supportanfragen: werden f\u00fcr operative und Audit-Zwecke 18 Monate lang gespeichert<\/li>\n<\/ul>\n<p>Alle Daten werden sicher verschl\u00fcsselt und mit rollenbasierten Zugriffskontrollen gespeichert.<\/p>\n<h2>8. Deine Datenschutzrechte<\/h2>\n<p>Gem\u00e4\u00df der DSGVO hast du das Recht auf:<\/p>\n<ul>\n<li>Zugriff: Anforderung einer Kopie deiner personenbezogenen Daten<\/li>\n<li>Berichtigung: Anforderung, dass wir unrichtige Daten korrigieren oder vervollst\u00e4ndigen<\/li>\n<li>L\u00f6schung: Anforderung, dass wir deine Daten l\u00f6schen, vorbehaltlich geltender gesetzlicher Ausnahmen<\/li>\n<li>Einschr\u00e4nkung: Anforderung, dass wir die Verarbeitung deiner Daten einschr\u00e4nken<\/li>\n<li>Widerspruch: Widerspruch gegen bestimmte Formen der Verarbeitung<\/li>\n<li>\u00dcbertragbarkeit: \u00dcbertragung deiner Daten an einen anderen Anbieter in einem strukturierten, maschinenlesbaren Format<\/li>\n<\/ul>\n<p>Du kannst deine Rechte aus\u00fcben, indem du uns unter <b>privacy@sublimespain.com<\/b> kontaktierst. Wir werden dir so schnell wie m\u00f6glich antworten.<\/p>\n<h2>9. Datenschutz f\u00fcr Kinder<\/h2>\n<p>Unsere Website und unsere Dienste sind nicht f\u00fcr Personen unter 16 Jahren bestimmt. Wir sammeln wissentlich keine Daten von Minderj\u00e4hrigen. Wenn wir feststellen, dass Daten von einem Kind ohne nachgewiesene Zustimmung der Eltern erhoben wurden, werden wir diese umgehend l\u00f6schen.<\/p>\n<h2>10. Cookies und Tracking-Technologien<\/h2>\n<p>Wir verwenden Cookies und \u00e4hnliche Technologien, um die Benutzererfahrung zu verbessern, den Website-Traffic zu verstehen und relevante Werbung zu liefern. Wir verwenden folgende Arten von Cookies:<\/p>\n<ul>\n<li>Funktionale Cookies: Speichern Benutzereinstellungen und Pr\u00e4ferenzen<\/li>\n<li>Analytische Cookies: Messen die Nutzung und Leistung der Website<\/li>\n<li>Werbe-Cookies: Verfolgen das Surfverhalten, um relevante Anzeigen anzuzeigen (nur mit Zustimmung)<\/li>\n<\/ul>\n<p>Du kannst deine Cookie-Einstellungen in deinen Browsereinstellungen oder \u00fcber unser Cookie-Einstellungsfeld verwalten. Weitere Infos findest du unter allaboutcookies.org.<\/p>\n<h2>11. Kontakt<\/h2>\n<p>Wenn du Fragen, Bedenken oder W\u00fcnsche zu dieser Datenschutzerkl\u00e4rung oder deinen personenbezogenen Daten hast, kannst du uns unter folgender Adresse kontaktieren:<\/p>\n<p><b>E-Mail:<\/b> privacy@sublimespain.com<\/p>\n","protected":false},"excerpt":{"rendered":"<p>Datenschutzerkl\u00e4rung Letztes Update: 25. Juli 2025 Diese Datenschutzerkl\u00e4rung erkl\u00e4rt, wie SublimeStart (\u201ewir\u201d, \u201euns\u201d oder \u201eunser\u201d) deine pers\u00f6nlichen Daten sammelt, nutzt, teilt und sch\u00fctzt, wenn du unsere Website nutzt oder eine Serviceanfrage sendest. 1. Welche Daten sammeln wir Wir k\u00f6nnen die folgenden Kategorien personenbezogener Daten sammeln und verarbeiten: Vollst\u00e4ndiger Name E-Mail-Adresse Telefon Firmenname und Berufsbezeichnung (falls [&hellip;]<\/p>\n","protected":false},"author":1,"featured_media":0,"parent":0,"menu_order":0,"comment_status":"closed","ping_status":"closed","template":"","meta":{"_acf_changed":false,"footnotes":""},"class_list":["post-5059","page","type-page","status-publish","hentry"],"acf":[],"yoast_head":"<!-- This site is optimized with the Yoast SEO plugin v27.5 - https:\/\/yoast.com\/product\/yoast-seo-wordpress\/ -->\n<title>Datenschutzerkl\u00e4rung &#8211; SublimeSpain<\/title>\n<meta name=\"robots\" content=\"index, follow, max-snippet:-1, max-image-preview:large, max-video-preview:-1\" \/>\n<link rel=\"canonical\" href=\"https:\/\/www.sublimespain.com\/de\/datenschutzerklaerung\/\" \/>\n<meta property=\"og:locale\" content=\"de_DE\" \/>\n<meta property=\"og:type\" content=\"article\" \/>\n<meta property=\"og:title\" content=\"Datenschutzerkl\u00e4rung &#8211; SublimeSpain\" \/>\n<meta property=\"og:description\" content=\"Datenschutzerkl\u00e4rung Letztes Update: 25. Juli 2025 Diese Datenschutzerkl\u00e4rung erkl\u00e4rt, wie SublimeStart (\u201ewir\u201d, \u201euns\u201d oder \u201eunser\u201d) deine pers\u00f6nlichen Daten sammelt, nutzt, teilt und sch\u00fctzt, wenn du unsere Website nutzt oder eine Serviceanfrage sendest. 1. Welche Daten sammeln wir Wir k\u00f6nnen die folgenden Kategorien personenbezogener Daten sammeln und verarbeiten: Vollst\u00e4ndiger Name E-Mail-Adresse Telefon Firmenname und Berufsbezeichnung (falls [&hellip;]\" \/>\n<meta property=\"og:url\" content=\"https:\/\/www.sublimespain.com\/de\/datenschutzerklaerung\/\" \/>\n<meta property=\"og:site_name\" content=\"SublimeSpain\" \/>\n<meta property=\"article:modified_time\" content=\"2025-07-25T15:58:50+00:00\" \/>\n<meta name=\"twitter:card\" content=\"summary_large_image\" \/>\n<meta name=\"twitter:label1\" content=\"Gesch\u00e4tzte Lesezeit\" \/>\n\t<meta name=\"twitter:data1\" content=\"4 Minuten\" \/>\n<script type=\"application\/ld+json\" class=\"yoast-schema-graph\">{\"@context\":\"https:\\\/\\\/schema.org\",\"@graph\":[{\"@type\":\"WebPage\",\"@id\":\"https:\\\/\\\/www.sublimespain.com\\\/de\\\/datenschutzerklaerung\\\/\",\"url\":\"https:\\\/\\\/www.sublimespain.com\\\/de\\\/datenschutzerklaerung\\\/\",\"name\":\"Datenschutzerkl\u00e4rung &#8211; SublimeSpain\",\"isPartOf\":{\"@id\":\"https:\\\/\\\/www.sublimespain.com\\\/de\\\/#website\"},\"datePublished\":\"2020-11-15T20:08:40+00:00\",\"dateModified\":\"2025-07-25T15:58:50+00:00\",\"breadcrumb\":{\"@id\":\"https:\\\/\\\/www.sublimespain.com\\\/de\\\/datenschutzerklaerung\\\/#breadcrumb\"},\"inLanguage\":\"de-DE\",\"potentialAction\":[{\"@type\":\"ReadAction\",\"target\":[\"https:\\\/\\\/www.sublimespain.com\\\/de\\\/datenschutzerklaerung\\\/\"]}]},{\"@type\":\"BreadcrumbList\",\"@id\":\"https:\\\/\\\/www.sublimespain.com\\\/de\\\/datenschutzerklaerung\\\/#breadcrumb\",\"itemListElement\":[{\"@type\":\"ListItem\",\"position\":1,\"name\":\"Home\",\"item\":\"https:\\\/\\\/www.sublimespain.com\\\/de\\\/buchhalter-anwaelte-und-fachleute-in-spanien\\\/\"},{\"@type\":\"ListItem\",\"position\":2,\"name\":\"Datenschutzerkl\u00e4rung\"}]},{\"@type\":\"WebSite\",\"@id\":\"https:\\\/\\\/www.sublimespain.com\\\/de\\\/#website\",\"url\":\"https:\\\/\\\/www.sublimespain.com\\\/de\\\/\",\"name\":\"SublimeSpain\",\"description\":\"Discover new possibilities\",\"publisher\":{\"@id\":\"https:\\\/\\\/www.sublimespain.com\\\/de\\\/#organization\"},\"potentialAction\":[{\"@type\":\"SearchAction\",\"target\":{\"@type\":\"EntryPoint\",\"urlTemplate\":\"https:\\\/\\\/www.sublimespain.com\\\/de\\\/?s={search_term_string}\"},\"query-input\":{\"@type\":\"PropertyValueSpecification\",\"valueRequired\":true,\"valueName\":\"search_term_string\"}}],\"inLanguage\":\"de-DE\"},{\"@type\":\"Organization\",\"@id\":\"https:\\\/\\\/www.sublimespain.com\\\/de\\\/#organization\",\"name\":\"SublimeSpain\",\"url\":\"https:\\\/\\\/www.sublimespain.com\\\/de\\\/\",\"logo\":{\"@type\":\"ImageObject\",\"inLanguage\":\"de-DE\",\"@id\":\"https:\\\/\\\/www.sublimespain.com\\\/de\\\/#\\\/schema\\\/logo\\\/image\\\/\",\"url\":\"https:\\\/\\\/www.sublimespain.com\\\/wp-content\\\/uploads\\\/Sublime-Spain-Isotype-Blue.png\",\"contentUrl\":\"https:\\\/\\\/www.sublimespain.com\\\/wp-content\\\/uploads\\\/Sublime-Spain-Isotype-Blue.png\",\"width\":6250,\"height\":6250,\"caption\":\"SublimeSpain\"},\"image\":{\"@id\":\"https:\\\/\\\/www.sublimespain.com\\\/de\\\/#\\\/schema\\\/logo\\\/image\\\/\"}}]}<\/script>\n<!-- \/ Yoast SEO plugin. -->","yoast_head_json":{"title":"Datenschutzerkl\u00e4rung &#8211; SublimeSpain","robots":{"index":"index","follow":"follow","max-snippet":"max-snippet:-1","max-image-preview":"max-image-preview:large","max-video-preview":"max-video-preview:-1"},"canonical":"https:\/\/www.sublimespain.com\/de\/datenschutzerklaerung\/","og_locale":"de_DE","og_type":"article","og_title":"Datenschutzerkl\u00e4rung &#8211; SublimeSpain","og_description":"Datenschutzerkl\u00e4rung Letztes Update: 25. Juli 2025 Diese Datenschutzerkl\u00e4rung erkl\u00e4rt, wie SublimeStart (\u201ewir\u201d, \u201euns\u201d oder \u201eunser\u201d) deine pers\u00f6nlichen Daten sammelt, nutzt, teilt und sch\u00fctzt, wenn du unsere Website nutzt oder eine Serviceanfrage sendest. 1. Welche Daten sammeln wir Wir k\u00f6nnen die folgenden Kategorien personenbezogener Daten sammeln und verarbeiten: Vollst\u00e4ndiger Name E-Mail-Adresse Telefon Firmenname und Berufsbezeichnung (falls [&hellip;]","og_url":"https:\/\/www.sublimespain.com\/de\/datenschutzerklaerung\/","og_site_name":"SublimeSpain","article_modified_time":"2025-07-25T15:58:50+00:00","twitter_card":"summary_large_image","twitter_misc":{"Gesch\u00e4tzte Lesezeit":"4 Minuten"},"schema":{"@context":"https:\/\/schema.org","@graph":[{"@type":"WebPage","@id":"https:\/\/www.sublimespain.com\/de\/datenschutzerklaerung\/","url":"https:\/\/www.sublimespain.com\/de\/datenschutzerklaerung\/","name":"Datenschutzerkl\u00e4rung &#8211; SublimeSpain","isPartOf":{"@id":"https:\/\/www.sublimespain.com\/de\/#website"},"datePublished":"2020-11-15T20:08:40+00:00","dateModified":"2025-07-25T15:58:50+00:00","breadcrumb":{"@id":"https:\/\/www.sublimespain.com\/de\/datenschutzerklaerung\/#breadcrumb"},"inLanguage":"de-DE","potentialAction":[{"@type":"ReadAction","target":["https:\/\/www.sublimespain.com\/de\/datenschutzerklaerung\/"]}]},{"@type":"BreadcrumbList","@id":"https:\/\/www.sublimespain.com\/de\/datenschutzerklaerung\/#breadcrumb","itemListElement":[{"@type":"ListItem","position":1,"name":"Home","item":"https:\/\/www.sublimespain.com\/de\/buchhalter-anwaelte-und-fachleute-in-spanien\/"},{"@type":"ListItem","position":2,"name":"Datenschutzerkl\u00e4rung"}]},{"@type":"WebSite","@id":"https:\/\/www.sublimespain.com\/de\/#website","url":"https:\/\/www.sublimespain.com\/de\/","name":"SublimeSpain","description":"Discover new possibilities","publisher":{"@id":"https:\/\/www.sublimespain.com\/de\/#organization"},"potentialAction":[{"@type":"SearchAction","target":{"@type":"EntryPoint","urlTemplate":"https:\/\/www.sublimespain.com\/de\/?s={search_term_string}"},"query-input":{"@type":"PropertyValueSpecification","valueRequired":true,"valueName":"search_term_string"}}],"inLanguage":"de-DE"},{"@type":"Organization","@id":"https:\/\/www.sublimespain.com\/de\/#organization","name":"SublimeSpain","url":"https:\/\/www.sublimespain.com\/de\/","logo":{"@type":"ImageObject","inLanguage":"de-DE","@id":"https:\/\/www.sublimespain.com\/de\/#\/schema\/logo\/image\/","url":"https:\/\/www.sublimespain.com\/wp-content\/uploads\/Sublime-Spain-Isotype-Blue.png","contentUrl":"https:\/\/www.sublimespain.com\/wp-content\/uploads\/Sublime-Spain-Isotype-Blue.png","width":6250,"height":6250,"caption":"SublimeSpain"},"image":{"@id":"https:\/\/www.sublimespain.com\/de\/#\/schema\/logo\/image\/"}}]}},"_links":{"self":[{"href":"https:\/\/www.sublimespain.com\/de\/wp-json\/wp\/v2\/pages\/5059","targetHints":{"allow":["GET"]}}],"collection":[{"href":"https:\/\/www.sublimespain.com\/de\/wp-json\/wp\/v2\/pages"}],"about":[{"href":"https:\/\/www.sublimespain.com\/de\/wp-json\/wp\/v2\/types\/page"}],"author":[{"embeddable":true,"href":"https:\/\/www.sublimespain.com\/de\/wp-json\/wp\/v2\/users\/1"}],"replies":[{"embeddable":true,"href":"https:\/\/www.sublimespain.com\/de\/wp-json\/wp\/v2\/comments?post=5059"}],"version-history":[{"count":0,"href":"https:\/\/www.sublimespain.com\/de\/wp-json\/wp\/v2\/pages\/5059\/revisions"}],"wp:attachment":[{"href":"https:\/\/www.sublimespain.com\/de\/wp-json\/wp\/v2\/media?parent=5059"}],"curies":[{"name":"wp","href":"https:\/\/api.w.org\/{rel}","templated":true}]}}