{"id":11915,"date":"2020-11-15T20:25:14","date_gmt":"2020-11-15T20:25:14","guid":{"rendered":"https:\/\/sublimespain.wpenginepowered.com\/conditions-dutilisation\/"},"modified":"2025-12-22T10:32:34","modified_gmt":"2025-12-22T10:32:34","slug":"conditions-dutilisation","status":"publish","type":"page","link":"https:\/\/www.sublimespain.com\/fr\/conditions-dutilisation\/","title":{"rendered":"Conditions d&rsquo;utilisation"},"content":{"rendered":"<h2>SublimeSpain.com Conditions d&rsquo;utilisation<\/h2>\n<h3>1. Introduction<\/h3>\n<p>Bienvenue \u00e0 SublimeSpain.com (le \u00ab\u00a0Site Web\u00a0\u00bb). En acc\u00e9dant ou en utilisant le site Web, vous acceptez d&rsquo;\u00eatre li\u00e9 et de vous conformer \u00e0 ces conditions d&rsquo;utilisation (\u00ab\u00a0Conditions\u00a0\u00bb). Si vous n&rsquo;\u00eates pas d&rsquo;accord avec ces Conditions, vous ne pouvez pas acc\u00e9der ou utiliser le site Web.<\/p>\n<h3>2. Informations<\/h3>\n<p>Le contenu du site Web est \u00e0 des fins d&rsquo;information g\u00e9n\u00e9rale seulement et est sujet \u00e0 des changements sans pr\u00e9avis. Bien que SublimeSpain s&rsquo;efforce de fournir des informations pr\u00e9cises et \u00e0 jour, SublimeSpain ne garantit pas sa pr\u00e9cision, son exhaustivit\u00e9 ou son ad\u00e9quation \u00e0 un but sp\u00e9cifique. Vous reconnaissez que vous \u00eates responsable de la v\u00e9rification de toute information avant de vous y fier et acceptez que SublimeSpain ne soit pas responsable de tout dommage ou perte r\u00e9sultant de votre utilisation des informations.<\/p>\n<h3>3 Propri\u00e9t\u00e9 intellectuelle<\/h3>\n<p>Tout le contenu, la conception et la mise en page du site Web, y compris, mais sans s&rsquo;y limiter, le texte, les graphiques, les logos et les ic\u00f4nes, sont la propri\u00e9t\u00e9 exclusive de SublimeSpain ou de nos conc\u00e9dants de licence et sont prot\u00e9g\u00e9s par le droit d&rsquo;auteur, la marque d\u00e9pos\u00e9e et d&rsquo;autres lois applicables sur la propri\u00e9t\u00e9 intellectuelle. Vous ne pouvez pas reproduire, modifier, distribuer ou transmettre toute partie du site Web sans notre autorisation \u00e9crite pr\u00e9alable.<\/p>\n<h3>4 Marques d\u00e9pos\u00e9es<\/h3>\n<p>Les pr\u00e9sentes conditions d&rsquo;utilisation sont exclusivement r\u00e9gies par la loi espagnole. Tous les litiges pouvant survenir en relation avec les pr\u00e9sentes conditions d&rsquo;utilisation, y compris les litiges relatifs \u00e0 l&rsquo;applicabilit\u00e9 et \u00e0 la validit\u00e9 de celles-ci, seront r\u00e9gl\u00e9s par le tribunal comp\u00e9tent de Madrid, en Espagne.<\/p>\n<h3>5. D\u00e9ni de garanties et limitations de responsabilit\u00e9<\/h3>\n<p>SublimeSpain.com, ses affili\u00e9s et ses conc\u00e9dants ne sont pas responsables des dommages ou des pertes r\u00e9sultant de l&rsquo;utilisation de ce site Web ou de ses informations. Ceci inclut tout dommage direct, indirect, accessoire, cons\u00e9cutif, sp\u00e9cial, punitif ou exemplaire, m\u00eame si SublimeSpain.com a \u00e9t\u00e9 inform\u00e9 de la possibilit\u00e9 de tels dommages.<\/p>\n<h3>6. Indemnisation<\/h3>\n<p>Les utilisateurs acceptent d&rsquo;indemniser, de d\u00e9fendre et de tenir SublimeSpain et nos affili\u00e9s, responsables, directeurs, employ\u00e9s, agents, conc\u00e9dants de licence et fournisseurs \u00e0 l&rsquo;abri de toutes les r\u00e9clamations, pertes, d\u00e9penses, dommages et co\u00fbts (y compris les frais d&rsquo;avocat raisonnables) d\u00e9coulant de ou li\u00e9s \u00e0 votre utilisation du site Web ou \u00e0 votre violation de ces conditions.<\/p>\n<h3>7. Droit applicable et r\u00e8glement des litiges<\/h3>\n<p>Les pr\u00e9sentes conditions sont r\u00e9gies et interpr\u00e9t\u00e9es conform\u00e9ment aux lois des Pays-Bas, sans tenir compte des dispositions relatives aux conflits de lois. Tout litige d\u00e9coulant des pr\u00e9sentes conditions ou s&rsquo;y rapportant sera soumis et r\u00e9solu par les tribunaux de La Haye, Pays-Bas.<\/p>\n<h3>8. Reconnaissance de la politique de confidentialit\u00e9<\/h3>\n<p>Le respect de votre vie priv\u00e9e est essentiel pour nous. En utilisant ce site web, vous reconnaissez avoir lu et compris notre <a href=\"https:\/\/www.sublimespain.com\/fr\/declaration-privee\/\">Politique de confidentialit\u00e9.<\/a> Vous y trouverez de plus amples informations sur l&rsquo;utilisation des informations personnelles et des cookies.<\/p>\n<h3>9. Contactez-nous<\/h3>\n<p>Si vous avez des questions concernant ces conditions, veuillez contacter SublimeSpain \u00e0 <a href=\"mailto:contact@SublimeSpain.com\">contact@SublimeSpain.com<\/a>.<\/p>\n","protected":false},"excerpt":{"rendered":"<p>SublimeSpain.com Conditions d&rsquo;utilisation 1. Introduction Bienvenue \u00e0 SublimeSpain.com (le \u00ab\u00a0Site Web\u00a0\u00bb). En acc\u00e9dant ou en utilisant le site Web, vous acceptez d&rsquo;\u00eatre li\u00e9 et de vous conformer \u00e0 ces conditions d&rsquo;utilisation (\u00ab\u00a0Conditions\u00a0\u00bb). Si vous n&rsquo;\u00eates pas d&rsquo;accord avec ces Conditions, vous ne pouvez pas acc\u00e9der ou utiliser le site Web. 2. Informations Le contenu du [&hellip;]<\/p>\n","protected":false},"author":1,"featured_media":0,"parent":0,"menu_order":0,"comment_status":"closed","ping_status":"closed","template":"","meta":{"_acf_changed":false,"footnotes":""},"class_list":["post-11915","page","type-page","status-publish","hentry"],"acf":[],"yoast_head":"<!-- This site is optimized with the Yoast SEO plugin v27.5 - https:\/\/yoast.com\/product\/yoast-seo-wordpress\/ -->\n<title>Conditions d&#039;utilisation &#8211; SublimeSpain<\/title>\n<meta name=\"robots\" content=\"index, follow, max-snippet:-1, max-image-preview:large, max-video-preview:-1\" \/>\n<link rel=\"canonical\" href=\"https:\/\/www.sublimespain.com\/fr\/conditions-dutilisation\/\" \/>\n<meta property=\"og:locale\" content=\"fr_FR\" \/>\n<meta property=\"og:type\" content=\"article\" \/>\n<meta property=\"og:title\" content=\"Conditions d&#039;utilisation &#8211; SublimeSpain\" \/>\n<meta property=\"og:description\" content=\"SublimeSpain.com Conditions d&rsquo;utilisation 1. Introduction Bienvenue \u00e0 SublimeSpain.com (le \u00ab\u00a0Site Web\u00a0\u00bb). En acc\u00e9dant ou en utilisant le site Web, vous acceptez d&rsquo;\u00eatre li\u00e9 et de vous conformer \u00e0 ces conditions d&rsquo;utilisation (\u00ab\u00a0Conditions\u00a0\u00bb). Si vous n&rsquo;\u00eates pas d&rsquo;accord avec ces Conditions, vous ne pouvez pas acc\u00e9der ou utiliser le site Web. 2. Informations Le contenu du [&hellip;]\" \/>\n<meta property=\"og:url\" content=\"https:\/\/www.sublimespain.com\/fr\/conditions-dutilisation\/\" \/>\n<meta property=\"og:site_name\" content=\"SublimeSpain\" \/>\n<meta property=\"article:modified_time\" content=\"2025-12-22T10:32:34+00:00\" \/>\n<meta name=\"twitter:card\" content=\"summary_large_image\" \/>\n<meta name=\"twitter:label1\" content=\"Dur\u00e9e de lecture estim\u00e9e\" \/>\n\t<meta name=\"twitter:data1\" content=\"3 minutes\" \/>\n<script type=\"application\/ld+json\" class=\"yoast-schema-graph\">{\"@context\":\"https:\\\/\\\/schema.org\",\"@graph\":[{\"@type\":\"WebPage\",\"@id\":\"https:\\\/\\\/www.sublimespain.com\\\/fr\\\/conditions-dutilisation\\\/\",\"url\":\"https:\\\/\\\/www.sublimespain.com\\\/fr\\\/conditions-dutilisation\\\/\",\"name\":\"Conditions d'utilisation &#8211; SublimeSpain\",\"isPartOf\":{\"@id\":\"https:\\\/\\\/www.sublimespain.com\\\/fr\\\/#website\"},\"datePublished\":\"2020-11-15T20:25:14+00:00\",\"dateModified\":\"2025-12-22T10:32:34+00:00\",\"breadcrumb\":{\"@id\":\"https:\\\/\\\/www.sublimespain.com\\\/fr\\\/conditions-dutilisation\\\/#breadcrumb\"},\"inLanguage\":\"fr-FR\",\"potentialAction\":[{\"@type\":\"ReadAction\",\"target\":[\"https:\\\/\\\/www.sublimespain.com\\\/fr\\\/conditions-dutilisation\\\/\"]}]},{\"@type\":\"BreadcrumbList\",\"@id\":\"https:\\\/\\\/www.sublimespain.com\\\/fr\\\/conditions-dutilisation\\\/#breadcrumb\",\"itemListElement\":[{\"@type\":\"ListItem\",\"position\":1,\"name\":\"Home\",\"item\":\"https:\\\/\\\/www.sublimespain.com\\\/fr\\\/comptables-avocats-et-specialistes-en-espagne\\\/\"},{\"@type\":\"ListItem\",\"position\":2,\"name\":\"Conditions d&#8217;utilisation\"}]},{\"@type\":\"WebSite\",\"@id\":\"https:\\\/\\\/www.sublimespain.com\\\/fr\\\/#website\",\"url\":\"https:\\\/\\\/www.sublimespain.com\\\/fr\\\/\",\"name\":\"SublimeSpain\",\"description\":\"Discover new possibilities\",\"publisher\":{\"@id\":\"https:\\\/\\\/www.sublimespain.com\\\/fr\\\/#organization\"},\"potentialAction\":[{\"@type\":\"SearchAction\",\"target\":{\"@type\":\"EntryPoint\",\"urlTemplate\":\"https:\\\/\\\/www.sublimespain.com\\\/fr\\\/?s={search_term_string}\"},\"query-input\":{\"@type\":\"PropertyValueSpecification\",\"valueRequired\":true,\"valueName\":\"search_term_string\"}}],\"inLanguage\":\"fr-FR\"},{\"@type\":\"Organization\",\"@id\":\"https:\\\/\\\/www.sublimespain.com\\\/fr\\\/#organization\",\"name\":\"SublimeSpain\",\"url\":\"https:\\\/\\\/www.sublimespain.com\\\/fr\\\/\",\"logo\":{\"@type\":\"ImageObject\",\"inLanguage\":\"fr-FR\",\"@id\":\"https:\\\/\\\/www.sublimespain.com\\\/fr\\\/#\\\/schema\\\/logo\\\/image\\\/\",\"url\":\"https:\\\/\\\/www.sublimespain.com\\\/wp-content\\\/uploads\\\/Sublime-Spain-Isotype-Blue.png\",\"contentUrl\":\"https:\\\/\\\/www.sublimespain.com\\\/wp-content\\\/uploads\\\/Sublime-Spain-Isotype-Blue.png\",\"width\":6250,\"height\":6250,\"caption\":\"SublimeSpain\"},\"image\":{\"@id\":\"https:\\\/\\\/www.sublimespain.com\\\/fr\\\/#\\\/schema\\\/logo\\\/image\\\/\"}}]}<\/script>\n<!-- \/ Yoast SEO plugin. -->","yoast_head_json":{"title":"Conditions d'utilisation &#8211; SublimeSpain","robots":{"index":"index","follow":"follow","max-snippet":"max-snippet:-1","max-image-preview":"max-image-preview:large","max-video-preview":"max-video-preview:-1"},"canonical":"https:\/\/www.sublimespain.com\/fr\/conditions-dutilisation\/","og_locale":"fr_FR","og_type":"article","og_title":"Conditions d'utilisation &#8211; SublimeSpain","og_description":"SublimeSpain.com Conditions d&rsquo;utilisation 1. Introduction Bienvenue \u00e0 SublimeSpain.com (le \u00ab\u00a0Site Web\u00a0\u00bb). En acc\u00e9dant ou en utilisant le site Web, vous acceptez d&rsquo;\u00eatre li\u00e9 et de vous conformer \u00e0 ces conditions d&rsquo;utilisation (\u00ab\u00a0Conditions\u00a0\u00bb). Si vous n&rsquo;\u00eates pas d&rsquo;accord avec ces Conditions, vous ne pouvez pas acc\u00e9der ou utiliser le site Web. 2. Informations Le contenu du [&hellip;]","og_url":"https:\/\/www.sublimespain.com\/fr\/conditions-dutilisation\/","og_site_name":"SublimeSpain","article_modified_time":"2025-12-22T10:32:34+00:00","twitter_card":"summary_large_image","twitter_misc":{"Dur\u00e9e de lecture estim\u00e9e":"3 minutes"},"schema":{"@context":"https:\/\/schema.org","@graph":[{"@type":"WebPage","@id":"https:\/\/www.sublimespain.com\/fr\/conditions-dutilisation\/","url":"https:\/\/www.sublimespain.com\/fr\/conditions-dutilisation\/","name":"Conditions d'utilisation &#8211; SublimeSpain","isPartOf":{"@id":"https:\/\/www.sublimespain.com\/fr\/#website"},"datePublished":"2020-11-15T20:25:14+00:00","dateModified":"2025-12-22T10:32:34+00:00","breadcrumb":{"@id":"https:\/\/www.sublimespain.com\/fr\/conditions-dutilisation\/#breadcrumb"},"inLanguage":"fr-FR","potentialAction":[{"@type":"ReadAction","target":["https:\/\/www.sublimespain.com\/fr\/conditions-dutilisation\/"]}]},{"@type":"BreadcrumbList","@id":"https:\/\/www.sublimespain.com\/fr\/conditions-dutilisation\/#breadcrumb","itemListElement":[{"@type":"ListItem","position":1,"name":"Home","item":"https:\/\/www.sublimespain.com\/fr\/comptables-avocats-et-specialistes-en-espagne\/"},{"@type":"ListItem","position":2,"name":"Conditions d&#8217;utilisation"}]},{"@type":"WebSite","@id":"https:\/\/www.sublimespain.com\/fr\/#website","url":"https:\/\/www.sublimespain.com\/fr\/","name":"SublimeSpain","description":"Discover new possibilities","publisher":{"@id":"https:\/\/www.sublimespain.com\/fr\/#organization"},"potentialAction":[{"@type":"SearchAction","target":{"@type":"EntryPoint","urlTemplate":"https:\/\/www.sublimespain.com\/fr\/?s={search_term_string}"},"query-input":{"@type":"PropertyValueSpecification","valueRequired":true,"valueName":"search_term_string"}}],"inLanguage":"fr-FR"},{"@type":"Organization","@id":"https:\/\/www.sublimespain.com\/fr\/#organization","name":"SublimeSpain","url":"https:\/\/www.sublimespain.com\/fr\/","logo":{"@type":"ImageObject","inLanguage":"fr-FR","@id":"https:\/\/www.sublimespain.com\/fr\/#\/schema\/logo\/image\/","url":"https:\/\/www.sublimespain.com\/wp-content\/uploads\/Sublime-Spain-Isotype-Blue.png","contentUrl":"https:\/\/www.sublimespain.com\/wp-content\/uploads\/Sublime-Spain-Isotype-Blue.png","width":6250,"height":6250,"caption":"SublimeSpain"},"image":{"@id":"https:\/\/www.sublimespain.com\/fr\/#\/schema\/logo\/image\/"}}]}},"_links":{"self":[{"href":"https:\/\/www.sublimespain.com\/fr\/wp-json\/wp\/v2\/pages\/11915","targetHints":{"allow":["GET"]}}],"collection":[{"href":"https:\/\/www.sublimespain.com\/fr\/wp-json\/wp\/v2\/pages"}],"about":[{"href":"https:\/\/www.sublimespain.com\/fr\/wp-json\/wp\/v2\/types\/page"}],"author":[{"embeddable":true,"href":"https:\/\/www.sublimespain.com\/fr\/wp-json\/wp\/v2\/users\/1"}],"replies":[{"embeddable":true,"href":"https:\/\/www.sublimespain.com\/fr\/wp-json\/wp\/v2\/comments?post=11915"}],"version-history":[{"count":0,"href":"https:\/\/www.sublimespain.com\/fr\/wp-json\/wp\/v2\/pages\/11915\/revisions"}],"wp:attachment":[{"href":"https:\/\/www.sublimespain.com\/fr\/wp-json\/wp\/v2\/media?parent=11915"}],"curies":[{"name":"wp","href":"https:\/\/api.w.org\/{rel}","templated":true}]}}