{"id":3910,"date":"2020-03-29T23:51:22","date_gmt":"2020-03-29T23:51:22","guid":{"rendered":"https:\/\/sublimespain.wpenginepowered.com\/over-ons\/"},"modified":"2022-01-25T10:46:48","modified_gmt":"2022-01-25T10:46:48","slug":"over-ons","status":"publish","type":"page","link":"https:\/\/www.sublimespain.com\/nl\/over-ons\/","title":{"rendered":"Over ons"},"content":{"rendered":"\n<style type=\"text\/css\" data-created_by=\"avia_inline_auto\" id=\"style-css-av-69yfg-bb5b76eb7d7e827a3c28c67c043caf20\">\n.flex_column.av-69yfg-bb5b76eb7d7e827a3c28c67c043caf20{\nborder-radius:0px 0px 0px 0px;\npadding:0px 0px 0px 0px;\n}\n<\/style>\n<div  class='flex_column av-69yfg-bb5b76eb7d7e827a3c28c67c043caf20 av_one_full first flex_column_div av-zero-column-padding  '     ><style type=\"text\/css\" data-created_by=\"avia_inline_auto\" id=\"style-css-av-kwao3ob8-af16d3dae61766941f073a40b339a967\">\n#top .av-special-heading.av-kwao3ob8-af16d3dae61766941f073a40b339a967{\npadding-bottom:10px;\n}\nbody .av-special-heading.av-kwao3ob8-af16d3dae61766941f073a40b339a967 .av-special-heading-tag .heading-char{\nfont-size:25px;\n}\n.av-special-heading.av-kwao3ob8-af16d3dae61766941f073a40b339a967 .av-subheading{\nfont-size:15px;\n}\n<\/style>\n<div  class='av-special-heading av-kwao3ob8-af16d3dae61766941f073a40b339a967 av-special-heading-h2 blockquote modern-quote modern-centered'><h2 class='av-special-heading-tag '  itemprop=\"headline\"  >Wij streven naar duurzame relaties met cli\u00ebnten door een onge\u00ebvenaard niveau van service en expertise te bieden. <\/h2><div class=\"special-heading-border\"><div class=\"special-heading-inner-border\"><\/div><\/div><\/div><\/div>\n\n<style type=\"text\/css\" data-created_by=\"avia_inline_auto\" id=\"style-css-av-kwap76cg-9c2cb09e7830e469a6cfc8a67c903ac4\">\n#top .hr.hr-invisible.av-kwap76cg-9c2cb09e7830e469a6cfc8a67c903ac4{\nheight:50px;\n}\n<\/style>\n<div  class='hr av-kwap76cg-9c2cb09e7830e469a6cfc8a67c903ac4 hr-invisible'><span class='hr-inner '><span class=\"hr-inner-style\"><\/span><\/span><\/div>\n\n<style type=\"text\/css\" data-created_by=\"avia_inline_auto\" id=\"style-css-av-24udg-c6d4c7f04dd2f4e25fe72c9c41d70348\">\n.flex_column.av-24udg-c6d4c7f04dd2f4e25fe72c9c41d70348{\nborder-radius:0px 0px 0px 0px;\npadding:0px 0px 0px 0px;\n}\n<\/style>\n<div  class='flex_column av-24udg-c6d4c7f04dd2f4e25fe72c9c41d70348 av_one_third first flex_column_div av-zero-column-padding  '     ><style type=\"text\/css\" data-created_by=\"avia_inline_auto\" id=\"style-css-av-kwani3uh-9533b9a12591ada327c1cbf7fde531d0\">\n#top .avia-animated-number.av-kwani3uh-9533b9a12591ada327c1cbf7fde531d0.av-display-circle{\nmargin:25% 0 25% 0;\n}\n.avia-animated-number.av-kwani3uh-9533b9a12591ada327c1cbf7fde531d0 .avia-animated-number-circle{\nwidth:50%;\n}\n.avia-animated-number.av-kwani3uh-9533b9a12591ada327c1cbf7fde531d0 .avia-animated-number-circle-inner{\nborder-style:none;\nborder-width:5px;\nbox-shadow:none;\n}\n<\/style>\n<div  class=\"avia-animated-number av-kwani3uh-9533b9a12591ada327c1cbf7fde531d0 av-force-default-color avia_animate_when_visible \" data-timer=\"10000\"><strong class=\"heading avia-animated-number-title\"><span class=\"avia-single-number __av-single-number\" data-number_format=\"\" data-number=\"12\" data-start_from=\"0\">12<\/span><\/strong><div class=\"avia-animated-number-content\"><p>Mensen in het personeelsbestand<\/p>\n<\/div><\/div><\/div>\n\n<style type=\"text\/css\" data-created_by=\"avia_inline_auto\" id=\"style-css-av-1astc-79805ccc3265d155693deac2cb4dd6b2\">\n.flex_column.av-1astc-79805ccc3265d155693deac2cb4dd6b2{\nborder-radius:0px 0px 0px 0px;\npadding:0px 0px 0px 0px;\n}\n<\/style>\n<div  class='flex_column av-1astc-79805ccc3265d155693deac2cb4dd6b2 av_one_third flex_column_div av-zero-column-padding  '     ><style type=\"text\/css\" data-created_by=\"avia_inline_auto\" id=\"style-css-av-kwani3uh-7730628bafe21aa085188d2af0b5bb4e\">\n#top .avia-animated-number.av-kwani3uh-7730628bafe21aa085188d2af0b5bb4e.av-display-circle{\nmargin:25% 0 25% 0;\n}\n.avia-animated-number.av-kwani3uh-7730628bafe21aa085188d2af0b5bb4e .avia-animated-number-circle{\nwidth:50%;\n}\n.avia-animated-number.av-kwani3uh-7730628bafe21aa085188d2af0b5bb4e .avia-animated-number-circle-inner{\nborder-style:none;\nborder-width:5px;\nbox-shadow:none;\n}\n<\/style>\n<div  class=\"avia-animated-number av-kwani3uh-7730628bafe21aa085188d2af0b5bb4e av-force-default-color avia_animate_when_visible \" data-timer=\"10000\"><strong class=\"heading avia-animated-number-title\"><span class=\"avia-single-number __av-single-number\" data-number_format=\"\" data-number=\"5\" data-start_from=\"0\">5<\/span><\/strong><div class=\"avia-animated-number-content\"><p>Expertisegebieden<\/p>\n<\/div><\/div><\/div>\n\n<style type=\"text\/css\" data-created_by=\"avia_inline_auto\" id=\"style-css-av-nqew-9f8054521c1a07dedfc37546f46442b2\">\n.flex_column.av-nqew-9f8054521c1a07dedfc37546f46442b2{\nborder-radius:0px 0px 0px 0px;\npadding:0px 0px 0px 0px;\n}\n<\/style>\n<div  class='flex_column av-nqew-9f8054521c1a07dedfc37546f46442b2 av_one_third flex_column_div av-zero-column-padding  '     ><div  class=\"avia-animated-number av-kwani3uh-26cff1d3e66718e4470776f7a8ef816a av-force-default-color avia_animate_when_visible \" data-timer=\"10000\"><strong class=\"heading avia-animated-number-title\"><span class=\"avia-single-number __av-single-number\" data-number_format=\"\" data-number=\"26\" data-start_from=\"0\">26<\/span><\/strong><div class=\"avia-animated-number-content\"><p>Aantal jaren ervaring<\/p>\n<\/div><\/div><\/div>\n<style type=\"text\/css\" data-created_by=\"avia_inline_auto\" id=\"style-css-av-kwap76cg-9c2cb09e7830e469a6cfc8a67c903ac4\">\n#top .hr.hr-invisible.av-kwap76cg-9c2cb09e7830e469a6cfc8a67c903ac4{\nheight:50px;\n}\n<\/style>\n<div  class='hr av-kwap76cg-9c2cb09e7830e469a6cfc8a67c903ac4 hr-invisible'><span class='hr-inner '><span class=\"hr-inner-style\"><\/span><\/span><\/div><\/p>\n\n<style type=\"text\/css\" data-created_by=\"avia_inline_auto\" id=\"style-css-av-kwap76cg-f2ebab396a32081d2c683a585c2fc190\">\n#top .hr.hr-invisible.av-kwap76cg-f2ebab396a32081d2c683a585c2fc190{\nheight:50px;\n}\n<\/style>\n<div  class='hr av-kwap76cg-f2ebab396a32081d2c683a585c2fc190 hr-invisible av-small-hide av-mini-hide'><span class='hr-inner '><span class=\"hr-inner-style\"><\/span><\/span><\/div>\n\n<style type=\"text\/css\" data-created_by=\"avia_inline_auto\" id=\"style-css-av-t3p8-664730843975911a356f7b54c9cc680f\">\n.flex_column.av-t3p8-664730843975911a356f7b54c9cc680f{\nborder-radius:0px 0px 0px 0px;\npadding:0px 0px 0px 0px;\n}\n<\/style>\n<div  class='flex_column av-t3p8-664730843975911a356f7b54c9cc680f av_one_full first flex_column_div av-zero-column-padding  '     ><p>\n<style type=\"text\/css\" data-created_by=\"avia_inline_auto\" id=\"style-css-av-10464-c26dc469cf7c2cbc4cf68e3e2235435e\">\n#top .av-special-heading.av-10464-c26dc469cf7c2cbc4cf68e3e2235435e{\npadding-bottom:10px;\n}\nbody .av-special-heading.av-10464-c26dc469cf7c2cbc4cf68e3e2235435e .av-special-heading-tag .heading-char{\nfont-size:25px;\n}\n.av-special-heading.av-10464-c26dc469cf7c2cbc4cf68e3e2235435e .av-subheading{\nfont-size:15px;\n}\n<\/style>\n<div  class='av-special-heading av-10464-c26dc469cf7c2cbc4cf68e3e2235435e av-special-heading-h2 blockquote modern-quote modern-centered'><h2 class='av-special-heading-tag '  itemprop=\"headline\"  >SublimeSpain staat voor: <\/h2><div class=\"special-heading-border\"><div class=\"special-heading-inner-border\"><\/div><\/div><\/div><br \/>\n\n<style type=\"text\/css\" data-created_by=\"avia_inline_auto\" id=\"style-css-av-kwanvcm9-fe8ba53e4ea31b66f10a5625a2888c96\">\n#top .av-rotator-container.av-kwanvcm9-fe8ba53e4ea31b66f10a5625a2888c96{\ntext-align:center;\ncolor:#0a0a0a;\nmargin:15px 15px 15px 15px;\n}\n#top #wrap_all .av-rotator-container.av-kwanvcm9-fe8ba53e4ea31b66f10a5625a2888c96 .av-rotator-container-inner{\nfont-size:25px;\n}\n\n@media only screen and (min-width: 768px) and (max-width: 989px){ \n#top #wrap_all .av-rotator-container.av-kwanvcm9-fe8ba53e4ea31b66f10a5625a2888c96 .av-rotator-container-inner{\nfont-size:20px;\n}\n}\n\n@media only screen and (min-width: 480px) and (max-width: 767px){ \n#top #wrap_all .av-rotator-container.av-kwanvcm9-fe8ba53e4ea31b66f10a5625a2888c96 .av-rotator-container-inner{\nfont-size:20px;\n}\n}\n\n@media only screen and (max-width: 479px){ \n#top #wrap_all .av-rotator-container.av-kwanvcm9-fe8ba53e4ea31b66f10a5625a2888c96 .av-rotator-container-inner{\nfont-size:20px;\n}\n}\n<\/style>\n<div  class='av-rotator-container av-rotation-container-center av-kwanvcm9-fe8ba53e4ea31b66f10a5625a2888c96 av-fixed-rotator-width' data-interval='3' data-animation='1' data-fixWidth='1'><p class='av-rotator-container-inner'><span class='av-rotator-text av-rotator-multiline-off'>\n<span class='av-rotator-text-single av-4cpww-73d85c872777f428086755b76df44c6e av-rotator-text-single-1' >Respect<\/span>\n<span class='av-rotator-text-single av-3r4ag-c98cc3761cd6a2b4ae526f41f49e7eaf av-rotator-text-single-2' >Integriteit<\/span>\n<span class='av-rotator-text-single av-389z0-9404ea4b87f7966d165d984f55554b71 av-rotator-text-single-3' >Verantwoordelijkheid<\/span>\n<span class='av-rotator-text-single av-2gkzc-8bea3ba8187f3f5cb9a9753c8d40bb8a av-rotator-text-single-4' >Excellence<\/span>\n<span class='av-rotator-text-single av-2bs54-ea141877913382f66b291adcdf4ee797 av-rotator-text-single-5' >Dilligence<\/span>\n<span class='av-rotator-text-single av-19qxg-181e221f62e0957412fb29f838bf23a9 av-rotator-text-single-6' >Diversiteit<\/span>\n<span class='av-rotator-text-single av-14jl0-4b6ea8447e609ab65bdb3ab304259ae3 av-rotator-text-single-7' >Flexibiliteit<\/span>\n<\/span><\/p><\/div><\/p><\/div>\n\n<style type=\"text\/css\" data-created_by=\"avia_inline_auto\" id=\"style-css-av-kwap76cg-dcc27a545a2f945559148c9c77eef1a1\">\n#top .hr.hr-invisible.av-kwap76cg-dcc27a545a2f945559148c9c77eef1a1{\nheight:100px;\n}\n<\/style>\n<div  class='hr av-kwap76cg-dcc27a545a2f945559148c9c77eef1a1 hr-invisible'><span class='hr-inner '><span class=\"hr-inner-style\"><\/span><\/span><\/div>\n\n<style type=\"text\/css\" data-created_by=\"avia_inline_auto\" id=\"style-css-av-1hvtw-ee5908580438006e0eab60bb3ff415a6\">\n.flex_column.av-1hvtw-ee5908580438006e0eab60bb3ff415a6{\nborder-radius:0px 0px 0px 0px;\npadding:0px 0px 0px 0px;\n}\n<\/style>\n<div  class='flex_column av-1hvtw-ee5908580438006e0eab60bb3ff415a6 av_one_half  avia-builder-el-0  el_before_av_one_half  avia-builder-el-first  first flex_column_div av-zero-column-padding  '     ><section  class='av_textblock_section av-kevci1um-0f1cb5e618eb9b74fca740c37855b86e '   itemscope=\"itemscope\" itemtype=\"https:\/\/schema.org\/CreativeWork\" ><div class='avia_textblock'  itemprop=\"text\" ><h2>Over ons<\/h2>\n<p>SublimeSpain heeft een schat aan expertise ontwikkeld op het gebied van de rechtsstaat en accountancy in Spanje. Wij bieden deskundige diensten in alle aspecten van de Spaanse wetgeving, voor particulieren en bedrijven. Wij begeleiden u bij het oprichten van uw bedrijf in Spanje en geven snel antwoord op al uw vragen.<\/p>\n<p>Wij zijn toegewijd aan het ontwikkelen van professionele relaties met onze cli\u00ebnten en wij begrijpen het belang van kwaliteitsservice voor het verkrijgen en behouden van cli\u00ebnttevredenheid. Daarom bieden wij een effici\u00ebnte en hoogwaardige service met de toewijding van onze ervaren medewerkers.<\/p>\n<p>Ons team in Spanje is professioneel gekwalificeerd in financi\u00ebn en recht, en beheerst verschillende talen waardoor wij, indien nodig, in die taal kunnen corresponderen met professionals die buiten de Spaanse jurisdictie opereren.<\/p>\n<p>Ons doel is om uw verblijf in Spanje zorgeloos te laten slagen. Wij bieden professioneel advies op basis van onze kennis en expertise van het juridische kader van Spanje en de toepassing ervan.<\/p>\n<\/div><\/section><\/div>\n\n<style type=\"text\/css\" data-created_by=\"avia_inline_auto\" id=\"style-css-av-z2to-6082d0b00f746bc7dd124820cc14122e\">\n.flex_column.av-z2to-6082d0b00f746bc7dd124820cc14122e{\nborder-radius:0px 0px 0px 0px;\npadding:0px 0px 0px 0px;\n}\n<\/style>\n<div  class='flex_column av-z2to-6082d0b00f746bc7dd124820cc14122e av_one_half  avia-builder-el-2  el_after_av_one_half  avia-builder-el-last  flex_column_div av-zero-column-padding  '     ><style type=\"text\/css\" data-created_by=\"avia_inline_auto\" id=\"style-css-av-kevciyff-ba6266d952b5e52e5d9eb1c6f3725f59\">\n.avia-image-container.av-kevciyff-ba6266d952b5e52e5d9eb1c6f3725f59 img.avia_image{\nbox-shadow:none;\n}\n.avia-image-container.av-kevciyff-ba6266d952b5e52e5d9eb1c6f3725f59 .av-image-caption-overlay-center{\ncolor:#ffffff;\n}\n<\/style>\n<div  class='avia-image-container av-kevciyff-ba6266d952b5e52e5d9eb1c6f3725f59 av-styling- avia-align-center  avia-builder-el-3  avia-builder-el-no-sibling '   itemprop=\"image\" itemscope=\"itemscope\" itemtype=\"https:\/\/schema.org\/ImageObject\" ><div class=\"avia-image-container-inner\"><div class=\"avia-image-overlay-wrap\"><img decoding=\"async\" fetchpriority=\"high\" class='wp-image-3911 avia-img-lazy-loading-not-3911 avia_image ' src=\"https:\/\/www.sublimespain.com\/wp-content\/uploads\/2021\/03\/About-SublimeSpain.jpg\" alt='' title='About SublimeSpain'  height=\"1405\" width=\"1405\"  itemprop=\"thumbnailUrl\" srcset=\"https:\/\/www.sublimespain.com\/wp-content\/uploads\/2021\/03\/About-SublimeSpain.jpg 1405w, https:\/\/www.sublimespain.com\/wp-content\/uploads\/2021\/03\/About-SublimeSpain-300x300.jpg 300w, https:\/\/www.sublimespain.com\/wp-content\/uploads\/2021\/03\/About-SublimeSpain-1030x1030.jpg 1030w, https:\/\/www.sublimespain.com\/wp-content\/uploads\/2021\/03\/About-SublimeSpain-80x80.jpg 80w, https:\/\/www.sublimespain.com\/wp-content\/uploads\/2021\/03\/About-SublimeSpain-768x768.jpg 768w, https:\/\/www.sublimespain.com\/wp-content\/uploads\/2021\/03\/About-SublimeSpain-36x36.jpg 36w, https:\/\/www.sublimespain.com\/wp-content\/uploads\/2021\/03\/About-SublimeSpain-180x180.jpg 180w, https:\/\/www.sublimespain.com\/wp-content\/uploads\/2021\/03\/About-SublimeSpain-705x705.jpg 705w\" sizes=\"(max-width: 1405px) 100vw, 1405px\" \/><\/div><\/div><\/div><\/div>\n\n<style type=\"text\/css\" data-created_by=\"avia_inline_auto\" id=\"style-css-av-z2to-cc4d9bfe5234492f33803df3a90cbeab\">\n.flex_column.av-z2to-cc4d9bfe5234492f33803df3a90cbeab{\nborder-radius:0px 0px 0px 0px;\npadding:0px 0px 0px 0px;\n}\n<\/style>\n<div  class='flex_column av-z2to-cc4d9bfe5234492f33803df3a90cbeab av_one_half first flex_column_div av-zero-column-padding  '     ><style type=\"text\/css\" data-created_by=\"avia_inline_auto\" id=\"style-css-av-kevciyff-7ac03f525b490994c18b61a193852cfc\">\n.avia-image-container.av-kevciyff-7ac03f525b490994c18b61a193852cfc img.avia_image{\nbox-shadow:none;\n}\n.avia-image-container.av-kevciyff-7ac03f525b490994c18b61a193852cfc .av-image-caption-overlay-center{\ncolor:#ffffff;\n}\n<\/style>\n<div  class='avia-image-container av-kevciyff-7ac03f525b490994c18b61a193852cfc av-styling- avia-align-center'   itemprop=\"image\" itemscope=\"itemscope\" itemtype=\"https:\/\/schema.org\/ImageObject\" ><div class=\"avia-image-container-inner\"><div class=\"avia-image-overlay-wrap\"><img decoding=\"async\" fetchpriority=\"high\" class='wp-image-6067 avia-img-lazy-loading-not-6067 avia_image ' src=\"https:\/\/www.sublimespain.com\/wp-content\/uploads\/2021\/11\/Company-culture.jpg\" alt='' title='Company-culture'  height=\"1200\" width=\"1200\"  itemprop=\"thumbnailUrl\" srcset=\"https:\/\/www.sublimespain.com\/wp-content\/uploads\/2021\/11\/Company-culture.jpg 1200w, https:\/\/www.sublimespain.com\/wp-content\/uploads\/2021\/11\/Company-culture-300x300.jpg 300w, https:\/\/www.sublimespain.com\/wp-content\/uploads\/2021\/11\/Company-culture-1030x1030.jpg 1030w, https:\/\/www.sublimespain.com\/wp-content\/uploads\/2021\/11\/Company-culture-80x80.jpg 80w, https:\/\/www.sublimespain.com\/wp-content\/uploads\/2021\/11\/Company-culture-768x768.jpg 768w, https:\/\/www.sublimespain.com\/wp-content\/uploads\/2021\/11\/Company-culture-36x36.jpg 36w, https:\/\/www.sublimespain.com\/wp-content\/uploads\/2021\/11\/Company-culture-180x180.jpg 180w, https:\/\/www.sublimespain.com\/wp-content\/uploads\/2021\/11\/Company-culture-705x705.jpg 705w\" sizes=\"(max-width: 1200px) 100vw, 1200px\" \/><\/div><\/div><\/div><\/div>\n\n<style type=\"text\/css\" data-created_by=\"avia_inline_auto\" id=\"style-css-av-1hvtw-5f52c6230b5ab6d6d7dbaf027df4871f\">\n.flex_column.av-1hvtw-5f52c6230b5ab6d6d7dbaf027df4871f{\nborder-radius:0px 0px 0px 0px;\npadding:0px 0px 0px 0px;\n}\n<\/style>\n<div  class='flex_column av-1hvtw-5f52c6230b5ab6d6d7dbaf027df4871f av_one_half flex_column_div av-zero-column-padding  '     ><section  class='av_textblock_section av-kevci1um-0f1cb5e618eb9b74fca740c37855b86e '   itemscope=\"itemscope\" itemtype=\"https:\/\/schema.org\/CreativeWork\" ><div class='avia_textblock'  itemprop=\"text\" ><h2>Bedrijfscultuur<\/h2>\n<p>SublimeSpain streeft naar een warme, gastvrije en professionele omgeving voor zijn werknemers. Wij vinden het belangrijk om een agenda van activiteiten en evenementen aan te bieden die een gezonde levensstijl en de ontwikkeling van vaardigheden bevorderen in de geest van het verbeteren van de kwaliteit van ons leven en het teruggeven aan de gemeenschap.<\/p>\n<p>Ons bedrijf staat voor diversiteit op de werkvloer en streeft ernaar gelijke kansen te bevorderen. Wij zijn trots op ons internationale team dat afkomstig is uit vele verschillende landen en dat hetzelfde enthousiasme, dezelfde toewijding en hetzelfde plezier in samenwerken deelt.<\/p>\n<p>Een goede werkomgeving resulteert in een hoge kwaliteit van dienstverlening en stimuleert creativiteit, initiatief en vindingrijkheid. Ons team werkt flexibel en productief met een gevoel van urgentie en voortdurende verbetering met de nodige discipline.<\/p>\n<p>Wij zetten ons in voor het ontwikkelen van professionele relaties met cli\u00ebnten en wij begrijpen het belang van kwaliteitsservice voor het verkrijgen en behouden van cli\u00ebnttevredenheid. Daarom leveren wij een effici\u00ebnte en hoogwaardige service met de toewijding van ons ervaren personeel.<\/p>\n<\/div><\/section><\/div>\n","protected":false},"excerpt":{"rendered":"","protected":false},"author":1,"featured_media":0,"parent":0,"menu_order":0,"comment_status":"closed","ping_status":"closed","template":"","meta":{"_acf_changed":false,"footnotes":""},"class_list":["post-3910","page","type-page","status-publish","hentry"],"acf":[],"yoast_head":"<!-- This site is optimized with the Yoast SEO plugin v27.6 - https:\/\/yoast.com\/product\/yoast-seo-wordpress\/ -->\n<title>Over ons &#8211; SublimeSpain<\/title>\n<meta name=\"description\" content=\"SpainDesk kan u helpen met alle facetten van juridische, zakelijke en financi\u00eble benodigdheden in Spanje. Lees hier meer over ons.\" \/>\n<meta name=\"robots\" content=\"index, follow, max-snippet:-1, max-image-preview:large, max-video-preview:-1\" \/>\n<link rel=\"canonical\" href=\"https:\/\/www.sublimespain.com\/nl\/over-ons\/\" \/>\n<meta property=\"og:locale\" content=\"nl_NL\" \/>\n<meta property=\"og:type\" content=\"article\" \/>\n<meta property=\"og:title\" content=\"Over ons &#8211; SublimeSpain\" \/>\n<meta property=\"og:description\" content=\"SpainDesk kan u helpen met alle facetten van juridische, zakelijke en financi\u00eble benodigdheden in Spanje. Lees hier meer over ons.\" \/>\n<meta property=\"og:url\" content=\"https:\/\/www.sublimespain.com\/nl\/over-ons\/\" \/>\n<meta property=\"og:site_name\" content=\"SublimeSpain\" \/>\n<meta property=\"article:modified_time\" content=\"2022-01-25T10:46:48+00:00\" \/>\n<meta name=\"twitter:card\" content=\"summary_large_image\" \/>\n<meta name=\"twitter:label1\" content=\"Geschatte leestijd\" \/>\n\t<meta name=\"twitter:data1\" content=\"12 minuten\" \/>\n<script type=\"application\/ld+json\" class=\"yoast-schema-graph\">{\"@context\":\"https:\\\/\\\/schema.org\",\"@graph\":[{\"@type\":\"WebPage\",\"@id\":\"https:\\\/\\\/www.sublimespain.com\\\/nl\\\/over-ons\\\/\",\"url\":\"https:\\\/\\\/www.sublimespain.com\\\/nl\\\/over-ons\\\/\",\"name\":\"Over ons &#8211; SublimeSpain\",\"isPartOf\":{\"@id\":\"https:\\\/\\\/www.sublimespain.com\\\/nl\\\/#website\"},\"datePublished\":\"2020-03-29T23:51:22+00:00\",\"dateModified\":\"2022-01-25T10:46:48+00:00\",\"description\":\"SpainDesk kan u helpen met alle facetten van juridische, zakelijke en financi\u00eble benodigdheden in Spanje. Lees hier meer over ons.\",\"breadcrumb\":{\"@id\":\"https:\\\/\\\/www.sublimespain.com\\\/nl\\\/over-ons\\\/#breadcrumb\"},\"inLanguage\":\"nl-NL\",\"potentialAction\":[{\"@type\":\"ReadAction\",\"target\":[\"https:\\\/\\\/www.sublimespain.com\\\/nl\\\/over-ons\\\/\"]}]},{\"@type\":\"BreadcrumbList\",\"@id\":\"https:\\\/\\\/www.sublimespain.com\\\/nl\\\/over-ons\\\/#breadcrumb\",\"itemListElement\":[{\"@type\":\"ListItem\",\"position\":1,\"name\":\"Home\",\"item\":\"https:\\\/\\\/www.sublimespain.com\\\/nl\\\/accountants-advocaten-en-specialisten-in-spanje\\\/\"},{\"@type\":\"ListItem\",\"position\":2,\"name\":\"Over ons\"}]},{\"@type\":\"WebSite\",\"@id\":\"https:\\\/\\\/www.sublimespain.com\\\/nl\\\/#website\",\"url\":\"https:\\\/\\\/www.sublimespain.com\\\/nl\\\/\",\"name\":\"SublimeSpain\",\"description\":\"Discover new possibilities\",\"publisher\":{\"@id\":\"https:\\\/\\\/www.sublimespain.com\\\/nl\\\/#organization\"},\"potentialAction\":[{\"@type\":\"SearchAction\",\"target\":{\"@type\":\"EntryPoint\",\"urlTemplate\":\"https:\\\/\\\/www.sublimespain.com\\\/nl\\\/?s={search_term_string}\"},\"query-input\":{\"@type\":\"PropertyValueSpecification\",\"valueRequired\":true,\"valueName\":\"search_term_string\"}}],\"inLanguage\":\"nl-NL\"},{\"@type\":\"Organization\",\"@id\":\"https:\\\/\\\/www.sublimespain.com\\\/nl\\\/#organization\",\"name\":\"SublimeSpain\",\"url\":\"https:\\\/\\\/www.sublimespain.com\\\/nl\\\/\",\"logo\":{\"@type\":\"ImageObject\",\"inLanguage\":\"nl-NL\",\"@id\":\"https:\\\/\\\/www.sublimespain.com\\\/nl\\\/#\\\/schema\\\/logo\\\/image\\\/\",\"url\":\"https:\\\/\\\/www.sublimespain.com\\\/wp-content\\\/uploads\\\/Sublime-Spain-Isotype-Blue.png\",\"contentUrl\":\"https:\\\/\\\/www.sublimespain.com\\\/wp-content\\\/uploads\\\/Sublime-Spain-Isotype-Blue.png\",\"width\":6250,\"height\":6250,\"caption\":\"SublimeSpain\"},\"image\":{\"@id\":\"https:\\\/\\\/www.sublimespain.com\\\/nl\\\/#\\\/schema\\\/logo\\\/image\\\/\"}}]}<\/script>\n<!-- \/ Yoast SEO plugin. -->","yoast_head_json":{"title":"Over ons &#8211; SublimeSpain","description":"SpainDesk kan u helpen met alle facetten van juridische, zakelijke en financi\u00eble benodigdheden in Spanje. Lees hier meer over ons.","robots":{"index":"index","follow":"follow","max-snippet":"max-snippet:-1","max-image-preview":"max-image-preview:large","max-video-preview":"max-video-preview:-1"},"canonical":"https:\/\/www.sublimespain.com\/nl\/over-ons\/","og_locale":"nl_NL","og_type":"article","og_title":"Over ons &#8211; SublimeSpain","og_description":"SpainDesk kan u helpen met alle facetten van juridische, zakelijke en financi\u00eble benodigdheden in Spanje. Lees hier meer over ons.","og_url":"https:\/\/www.sublimespain.com\/nl\/over-ons\/","og_site_name":"SublimeSpain","article_modified_time":"2022-01-25T10:46:48+00:00","twitter_card":"summary_large_image","twitter_misc":{"Geschatte leestijd":"12 minuten"},"schema":{"@context":"https:\/\/schema.org","@graph":[{"@type":"WebPage","@id":"https:\/\/www.sublimespain.com\/nl\/over-ons\/","url":"https:\/\/www.sublimespain.com\/nl\/over-ons\/","name":"Over ons &#8211; SublimeSpain","isPartOf":{"@id":"https:\/\/www.sublimespain.com\/nl\/#website"},"datePublished":"2020-03-29T23:51:22+00:00","dateModified":"2022-01-25T10:46:48+00:00","description":"SpainDesk kan u helpen met alle facetten van juridische, zakelijke en financi\u00eble benodigdheden in Spanje. Lees hier meer over ons.","breadcrumb":{"@id":"https:\/\/www.sublimespain.com\/nl\/over-ons\/#breadcrumb"},"inLanguage":"nl-NL","potentialAction":[{"@type":"ReadAction","target":["https:\/\/www.sublimespain.com\/nl\/over-ons\/"]}]},{"@type":"BreadcrumbList","@id":"https:\/\/www.sublimespain.com\/nl\/over-ons\/#breadcrumb","itemListElement":[{"@type":"ListItem","position":1,"name":"Home","item":"https:\/\/www.sublimespain.com\/nl\/accountants-advocaten-en-specialisten-in-spanje\/"},{"@type":"ListItem","position":2,"name":"Over ons"}]},{"@type":"WebSite","@id":"https:\/\/www.sublimespain.com\/nl\/#website","url":"https:\/\/www.sublimespain.com\/nl\/","name":"SublimeSpain","description":"Discover new possibilities","publisher":{"@id":"https:\/\/www.sublimespain.com\/nl\/#organization"},"potentialAction":[{"@type":"SearchAction","target":{"@type":"EntryPoint","urlTemplate":"https:\/\/www.sublimespain.com\/nl\/?s={search_term_string}"},"query-input":{"@type":"PropertyValueSpecification","valueRequired":true,"valueName":"search_term_string"}}],"inLanguage":"nl-NL"},{"@type":"Organization","@id":"https:\/\/www.sublimespain.com\/nl\/#organization","name":"SublimeSpain","url":"https:\/\/www.sublimespain.com\/nl\/","logo":{"@type":"ImageObject","inLanguage":"nl-NL","@id":"https:\/\/www.sublimespain.com\/nl\/#\/schema\/logo\/image\/","url":"https:\/\/www.sublimespain.com\/wp-content\/uploads\/Sublime-Spain-Isotype-Blue.png","contentUrl":"https:\/\/www.sublimespain.com\/wp-content\/uploads\/Sublime-Spain-Isotype-Blue.png","width":6250,"height":6250,"caption":"SublimeSpain"},"image":{"@id":"https:\/\/www.sublimespain.com\/nl\/#\/schema\/logo\/image\/"}}]}},"_links":{"self":[{"href":"https:\/\/www.sublimespain.com\/nl\/wp-json\/wp\/v2\/pages\/3910","targetHints":{"allow":["GET"]}}],"collection":[{"href":"https:\/\/www.sublimespain.com\/nl\/wp-json\/wp\/v2\/pages"}],"about":[{"href":"https:\/\/www.sublimespain.com\/nl\/wp-json\/wp\/v2\/types\/page"}],"author":[{"embeddable":true,"href":"https:\/\/www.sublimespain.com\/nl\/wp-json\/wp\/v2\/users\/1"}],"replies":[{"embeddable":true,"href":"https:\/\/www.sublimespain.com\/nl\/wp-json\/wp\/v2\/comments?post=3910"}],"version-history":[{"count":0,"href":"https:\/\/www.sublimespain.com\/nl\/wp-json\/wp\/v2\/pages\/3910\/revisions"}],"wp:attachment":[{"href":"https:\/\/www.sublimespain.com\/nl\/wp-json\/wp\/v2\/media?parent=3910"}],"curies":[{"name":"wp","href":"https:\/\/api.w.org\/{rel}","templated":true}]}}